{"id":1175629,"date":"2025-01-18T01:06:14","date_gmt":"2025-01-18T00:06:14","guid":{"rendered":"https:\/\/streetmarkets.fr\/app\/produit\/nouveau-masscob-blouse-rovia-alabaster-precommande\/"},"modified":"2025-07-28T02:05:19","modified_gmt":"2025-07-28T00:05:19","slug":"nouveau-masscob-blouse-rovia-alabaster-precommande","status":"publish","type":"product","link":"https:\/\/streetmarkets.fr\/app\/produit\/nouveau-masscob-blouse-rovia-alabaster-precommande\/","title":{"rendered":"MASSCOB Blouse Rovia Alabaster -30%"},"content":{"rendered":"<p data-rte-preserve-empty=\"true\">Blouse en soie \u00e0 motif floral, coupe ample, manches longues bouffantes et poignets resserr\u00e9s, emmanchure large, ouverture devant boutonn\u00e9e, pliss\u00e9e devant et dos.<\/p>\n<p data-rte-preserve-empty=\"true\">D\u00e9tail : 100% soie<\/p>\n","protected":false},"excerpt":{"rendered":"<p>Blouse en soie \u00e0 motif floral, coupe ample, manches longues bouffantes et poignets resserr\u00e9s, emmanchure large, ouverture devant boutonn\u00e9e, pliss\u00e9e devant et dos. D\u00e9tail : 100% soie<\/p>\n","protected":false},"featured_media":1175630,"comment_status":"open","ping_status":"closed","template":"","meta":[],"product_brand":[],"product_cat":[1756,1762],"product_tag":[2244],"acf":[],"_links":{"self":[{"href":"https:\/\/streetmarkets.fr\/app\/wp-json\/wp\/v2\/product\/1175629"}],"collection":[{"href":"https:\/\/streetmarkets.fr\/app\/wp-json\/wp\/v2\/product"}],"about":[{"href":"https:\/\/streetmarkets.fr\/app\/wp-json\/wp\/v2\/types\/product"}],"replies":[{"embeddable":true,"href":"https:\/\/streetmarkets.fr\/app\/wp-json\/wp\/v2\/comments?post=1175629"}],"wp:featuredmedia":[{"embeddable":true,"href":"https:\/\/streetmarkets.fr\/app\/wp-json\/wp\/v2\/media\/1175630"}],"wp:attachment":[{"href":"https:\/\/streetmarkets.fr\/app\/wp-json\/wp\/v2\/media?parent=1175629"}],"wp:term":[{"taxonomy":"product_brand","embeddable":true,"href":"https:\/\/streetmarkets.fr\/app\/wp-json\/wp\/v2\/product_brand?post=1175629"},{"taxonomy":"product_cat","embeddable":true,"href":"https:\/\/streetmarkets.fr\/app\/wp-json\/wp\/v2\/product_cat?post=1175629"},{"taxonomy":"product_tag","embeddable":true,"href":"https:\/\/streetmarkets.fr\/app\/wp-json\/wp\/v2\/product_tag?post=1175629"}],"curies":[{"name":"wp","href":"https:\/\/api.w.org\/{rel}","templated":true}]}}