{"id":1175620,"date":"2025-01-18T01:06:12","date_gmt":"2025-01-18T00:06:12","guid":{"rendered":"https:\/\/streetmarkets.fr\/app\/produit\/nouveau-masscob-blouse-vilaflor-pecan-precommande\/"},"modified":"2025-07-28T02:05:18","modified_gmt":"2025-07-28T00:05:18","slug":"nouveau-masscob-blouse-vilaflor-pecan-precommande","status":"publish","type":"product","link":"https:\/\/streetmarkets.fr\/app\/produit\/nouveau-masscob-blouse-vilaflor-pecan-precommande\/","title":{"rendered":"MASSCOB Blouse Vilaflor Pecan"},"content":{"rendered":"<p data-rte-preserve-empty=\"true\">Blouse en soie et viscose, coupe ample, manches 3\/4 bouffantes et resserr\u00e9es, emmanchure large. Boutonn\u00e9e sur toute la hauteur devant, fronces dans le dos et devant. \u00c9galement disponible dans la couleur Rose Poudre.<\/p>\n<p data-rte-preserve-empty=\"true\">D\u00e9tail : 64% soie, 36% viscose.<\/p>\n","protected":false},"excerpt":{"rendered":"<p>Blouse en soie et viscose, coupe ample, manches 3\/4 bouffantes et resserr\u00e9es, emmanchure large. Boutonn\u00e9e sur toute la hauteur devant, fronces dans le dos et devant. \u00c9galement disponible dans la couleur Rose Poudre. D\u00e9tail : 64% soie, 36% viscose.<\/p>\n","protected":false},"featured_media":1175621,"comment_status":"open","ping_status":"closed","template":"","meta":[],"product_brand":[],"product_cat":[1756,1762],"product_tag":[2244],"acf":[],"_links":{"self":[{"href":"https:\/\/streetmarkets.fr\/app\/wp-json\/wp\/v2\/product\/1175620"}],"collection":[{"href":"https:\/\/streetmarkets.fr\/app\/wp-json\/wp\/v2\/product"}],"about":[{"href":"https:\/\/streetmarkets.fr\/app\/wp-json\/wp\/v2\/types\/product"}],"replies":[{"embeddable":true,"href":"https:\/\/streetmarkets.fr\/app\/wp-json\/wp\/v2\/comments?post=1175620"}],"wp:featuredmedia":[{"embeddable":true,"href":"https:\/\/streetmarkets.fr\/app\/wp-json\/wp\/v2\/media\/1175621"}],"wp:attachment":[{"href":"https:\/\/streetmarkets.fr\/app\/wp-json\/wp\/v2\/media?parent=1175620"}],"wp:term":[{"taxonomy":"product_brand","embeddable":true,"href":"https:\/\/streetmarkets.fr\/app\/wp-json\/wp\/v2\/product_brand?post=1175620"},{"taxonomy":"product_cat","embeddable":true,"href":"https:\/\/streetmarkets.fr\/app\/wp-json\/wp\/v2\/product_cat?post=1175620"},{"taxonomy":"product_tag","embeddable":true,"href":"https:\/\/streetmarkets.fr\/app\/wp-json\/wp\/v2\/product_tag?post=1175620"}],"curies":[{"name":"wp","href":"https:\/\/api.w.org\/{rel}","templated":true}]}}