{"id":1175611,"date":"2025-01-18T01:06:11","date_gmt":"2025-01-18T00:06:11","guid":{"rendered":"https:\/\/streetmarkets.fr\/app\/produit\/nouveau-masscob-jupe-blanda-algae-precommande\/"},"modified":"2026-03-18T00:59:40","modified_gmt":"2026-03-17T23:59:40","slug":"nouveau-masscob-jupe-blanda-algae-precommande","status":"publish","type":"product","link":"https:\/\/streetmarkets.fr\/app\/produit\/nouveau-masscob-jupe-blanda-algae-precommande\/","title":{"rendered":"MASSCOB Jupe Blanda Algae -50%"},"content":{"rendered":"<p data-rte-preserve-empty=\"true\">Jupe longue taille haute en coton et soie, coupe ample, fermeture par un zip, douce et confortable. \u00c9galement disponible dans la couleur Peach.<\/p>\n<p data-rte-preserve-empty=\"true\">Vous pouvez l&#8217;assortir au petit pull Vedra Aloe. Sur la derni\u00e8re photo la jupe est port\u00e9e avec la veste Connils Liquen.<\/p>\n<p data-rte-preserve-empty=\"true\">D\u00e9tail : 51% coton, 45% soie<\/p>\n","protected":false},"excerpt":{"rendered":"<p>Jupe longue taille haute en coton et soie, coupe ample, fermeture par un zip, douce et confortable. \u00c9galement disponible dans la couleur Peach. Vous pouvez l&#8217;assortir au petit pull Vedra Aloe. Sur la derni\u00e8re photo la jupe est port\u00e9e avec la veste Connils Liquen. D\u00e9tail : 51% coton, 45% soie<\/p>\n","protected":false},"featured_media":1175612,"comment_status":"open","ping_status":"closed","template":"","meta":[],"product_brand":[],"product_cat":[1756,1762],"product_tag":[2244],"acf":[],"_links":{"self":[{"href":"https:\/\/streetmarkets.fr\/app\/wp-json\/wp\/v2\/product\/1175611"}],"collection":[{"href":"https:\/\/streetmarkets.fr\/app\/wp-json\/wp\/v2\/product"}],"about":[{"href":"https:\/\/streetmarkets.fr\/app\/wp-json\/wp\/v2\/types\/product"}],"replies":[{"embeddable":true,"href":"https:\/\/streetmarkets.fr\/app\/wp-json\/wp\/v2\/comments?post=1175611"}],"wp:featuredmedia":[{"embeddable":true,"href":"https:\/\/streetmarkets.fr\/app\/wp-json\/wp\/v2\/media\/1175612"}],"wp:attachment":[{"href":"https:\/\/streetmarkets.fr\/app\/wp-json\/wp\/v2\/media?parent=1175611"}],"wp:term":[{"taxonomy":"product_brand","embeddable":true,"href":"https:\/\/streetmarkets.fr\/app\/wp-json\/wp\/v2\/product_brand?post=1175611"},{"taxonomy":"product_cat","embeddable":true,"href":"https:\/\/streetmarkets.fr\/app\/wp-json\/wp\/v2\/product_cat?post=1175611"},{"taxonomy":"product_tag","embeddable":true,"href":"https:\/\/streetmarkets.fr\/app\/wp-json\/wp\/v2\/product_tag?post=1175611"}],"curies":[{"name":"wp","href":"https:\/\/api.w.org\/{rel}","templated":true}]}}