{"id":1175602,"date":"2025-01-18T01:06:10","date_gmt":"2025-01-18T00:06:10","guid":{"rendered":"https:\/\/streetmarkets.fr\/app\/produit\/nouveau-masscob-chemise-lluc-avena-precommande\/"},"modified":"2025-07-28T02:05:17","modified_gmt":"2025-07-28T00:05:17","slug":"nouveau-masscob-chemise-lluc-avena-precommande","status":"publish","type":"product","link":"https:\/\/streetmarkets.fr\/app\/produit\/nouveau-masscob-chemise-lluc-avena-precommande\/","title":{"rendered":"MASSCOB Chemise Lluc Avena -40%"},"content":{"rendered":"<p data-rte-preserve-empty=\"true\">Chemise en coton, coupe ample, manches longues et poignets resserr\u00e9s, emmanchure large, pliss\u00e9e \u00e0 l\u2019\u00e9paule. Douce et confortable. La chemise taille grand. <\/p>\n<p data-rte-preserve-empty=\"true\">D\u00e9tail : 100% coton biologique<\/p>\n","protected":false},"excerpt":{"rendered":"<p>Chemise en coton, coupe ample, manches longues et poignets resserr\u00e9s, emmanchure large, pliss\u00e9e \u00e0 l\u2019\u00e9paule. Douce et confortable. La chemise taille grand. D\u00e9tail : 100% coton biologique<\/p>\n","protected":false},"featured_media":1175603,"comment_status":"open","ping_status":"closed","template":"","meta":[],"product_brand":[],"product_cat":[1756,1762],"product_tag":[2244],"acf":[],"_links":{"self":[{"href":"https:\/\/streetmarkets.fr\/app\/wp-json\/wp\/v2\/product\/1175602"}],"collection":[{"href":"https:\/\/streetmarkets.fr\/app\/wp-json\/wp\/v2\/product"}],"about":[{"href":"https:\/\/streetmarkets.fr\/app\/wp-json\/wp\/v2\/types\/product"}],"replies":[{"embeddable":true,"href":"https:\/\/streetmarkets.fr\/app\/wp-json\/wp\/v2\/comments?post=1175602"}],"wp:featuredmedia":[{"embeddable":true,"href":"https:\/\/streetmarkets.fr\/app\/wp-json\/wp\/v2\/media\/1175603"}],"wp:attachment":[{"href":"https:\/\/streetmarkets.fr\/app\/wp-json\/wp\/v2\/media?parent=1175602"}],"wp:term":[{"taxonomy":"product_brand","embeddable":true,"href":"https:\/\/streetmarkets.fr\/app\/wp-json\/wp\/v2\/product_brand?post=1175602"},{"taxonomy":"product_cat","embeddable":true,"href":"https:\/\/streetmarkets.fr\/app\/wp-json\/wp\/v2\/product_cat?post=1175602"},{"taxonomy":"product_tag","embeddable":true,"href":"https:\/\/streetmarkets.fr\/app\/wp-json\/wp\/v2\/product_tag?post=1175602"}],"curies":[{"name":"wp","href":"https:\/\/api.w.org\/{rel}","templated":true}]}}