{"id":1175386,"date":"2025-01-18T00:49:22","date_gmt":"2025-01-17T23:49:22","guid":{"rendered":"https:\/\/streetmarkets.fr\/app\/produit\/pochette-clam-en-velours\/"},"modified":"2026-05-11T01:43:52","modified_gmt":"2026-05-10T23:43:52","slug":"pochette-clam-en-velours","status":"publish","type":"product","link":"https:\/\/streetmarkets.fr\/app\/produit\/pochette-clam-en-velours\/","title":{"rendered":"Pochette &#8220;clam&#8221; en velours"},"content":{"rendered":"<ul>\n<li>pochette forme coquillage en\u00a0<b>velours<\/b>\n<\/li>\n<li>100 % coton\n<\/li>\n<li><strong>int\u00e9rieur satin\u00e9<\/strong><\/li>\n<li>r\u00e9alis\u00e9 au Vietnam par un atelier de <strong>commerce \u00e9quitable<\/strong> labellis\u00e9 <strong>WFTO<\/strong> (<strong>World Fairtrade Organization<\/strong>)<\/li>\n<li>marque <strong>Earth Squared Ltd <\/strong>(membre de la<strong>\u00a0<span>British Association of Fair Trade Shops and Suppliers : BAFTS)<\/span>\u00a0<\/strong>\n<\/li>\n<\/ul>\n","protected":false},"excerpt":{"rendered":"<p>pochette forme coquillage en\u00a0velours 100 % coton int\u00e9rieur satin\u00e9 r\u00e9alis\u00e9 au Vietnam par un atelier de commerce \u00e9quitable labellis\u00e9 WFTO (World Fairtrade Organization) marque Earth Squared Ltd (membre de la\u00a0British Association of Fair Trade Shops and Suppliers : BAFTS)\u00a0<\/p>\n","protected":false},"featured_media":1175387,"comment_status":"open","ping_status":"closed","template":"","meta":[],"product_brand":[],"product_cat":[1756,1764],"product_tag":[1810,1813],"acf":[],"_links":{"self":[{"href":"https:\/\/streetmarkets.fr\/app\/wp-json\/wp\/v2\/product\/1175386"}],"collection":[{"href":"https:\/\/streetmarkets.fr\/app\/wp-json\/wp\/v2\/product"}],"about":[{"href":"https:\/\/streetmarkets.fr\/app\/wp-json\/wp\/v2\/types\/product"}],"replies":[{"embeddable":true,"href":"https:\/\/streetmarkets.fr\/app\/wp-json\/wp\/v2\/comments?post=1175386"}],"wp:featuredmedia":[{"embeddable":true,"href":"https:\/\/streetmarkets.fr\/app\/wp-json\/wp\/v2\/media\/1175387"}],"wp:attachment":[{"href":"https:\/\/streetmarkets.fr\/app\/wp-json\/wp\/v2\/media?parent=1175386"}],"wp:term":[{"taxonomy":"product_brand","embeddable":true,"href":"https:\/\/streetmarkets.fr\/app\/wp-json\/wp\/v2\/product_brand?post=1175386"},{"taxonomy":"product_cat","embeddable":true,"href":"https:\/\/streetmarkets.fr\/app\/wp-json\/wp\/v2\/product_cat?post=1175386"},{"taxonomy":"product_tag","embeddable":true,"href":"https:\/\/streetmarkets.fr\/app\/wp-json\/wp\/v2\/product_tag?post=1175386"}],"curies":[{"name":"wp","href":"https:\/\/api.w.org\/{rel}","templated":true}]}}