{"id":1175317,"date":"2025-01-18T00:39:02","date_gmt":"2025-01-17T23:39:02","guid":{"rendered":"https:\/\/streetmarkets.fr\/app\/produit\/sac-beatrix-purple\/"},"modified":"2025-03-24T00:38:30","modified_gmt":"2025-03-23T23:38:30","slug":"sac-beatrix-purple","status":"publish","type":"product","link":"https:\/\/streetmarkets.fr\/app\/produit\/sac-beatrix-purple\/","title":{"rendered":"Sac Beatrix Purple"},"content":{"rendered":"<p>Le sac banane BEATRIX en velours c\u00f4tel\u00e9, c\u2019est LA pi\u00e8ce qui fait toute la diff\u00e9rence cet hiver.<br \/>Ultra tendance et pratique, cette banane est recouverte de velours c\u00f4tel\u00e9 pour un look \u00e0 la fois cosy et chic, parfait pour affronter la saison froide avec style.<\/p>\n<p><strong>Composition :<\/strong> 100% coton<\/p>\n","protected":false},"excerpt":{"rendered":"<p>Le sac banane BEATRIX en velours c\u00f4tel\u00e9, c\u2019est LA pi\u00e8ce qui fait toute la diff\u00e9rence cet hiver.Ultra tendance et pratique, cette banane est recouverte de velours c\u00f4tel\u00e9 pour un look \u00e0 la fois cosy et chic, parfait pour affronter la saison froide avec style. Composition : 100% coton<\/p>\n","protected":false},"featured_media":1175318,"comment_status":"open","ping_status":"closed","template":"","meta":[],"product_brand":[],"product_cat":[1756,1764],"product_tag":[1810],"acf":[],"_links":{"self":[{"href":"https:\/\/streetmarkets.fr\/app\/wp-json\/wp\/v2\/product\/1175317"}],"collection":[{"href":"https:\/\/streetmarkets.fr\/app\/wp-json\/wp\/v2\/product"}],"about":[{"href":"https:\/\/streetmarkets.fr\/app\/wp-json\/wp\/v2\/types\/product"}],"replies":[{"embeddable":true,"href":"https:\/\/streetmarkets.fr\/app\/wp-json\/wp\/v2\/comments?post=1175317"}],"wp:featuredmedia":[{"embeddable":true,"href":"https:\/\/streetmarkets.fr\/app\/wp-json\/wp\/v2\/media\/1175318"}],"wp:attachment":[{"href":"https:\/\/streetmarkets.fr\/app\/wp-json\/wp\/v2\/media?parent=1175317"}],"wp:term":[{"taxonomy":"product_brand","embeddable":true,"href":"https:\/\/streetmarkets.fr\/app\/wp-json\/wp\/v2\/product_brand?post=1175317"},{"taxonomy":"product_cat","embeddable":true,"href":"https:\/\/streetmarkets.fr\/app\/wp-json\/wp\/v2\/product_cat?post=1175317"},{"taxonomy":"product_tag","embeddable":true,"href":"https:\/\/streetmarkets.fr\/app\/wp-json\/wp\/v2\/product_tag?post=1175317"}],"curies":[{"name":"wp","href":"https:\/\/api.w.org\/{rel}","templated":true}]}}