{"id":1175309,"date":"2025-01-18T00:38:15","date_gmt":"2025-01-17T23:38:15","guid":{"rendered":"https:\/\/streetmarkets.fr\/app\/produit\/coffret-chaussettes-coeur-dore-marron\/"},"modified":"2025-03-24T00:38:48","modified_gmt":"2025-03-23T23:38:48","slug":"coffret-chaussettes-coeur-dore-marron","status":"publish","type":"product","link":"https:\/\/streetmarkets.fr\/app\/produit\/coffret-chaussettes-coeur-dore-marron\/","title":{"rendered":"Coffret Chaussettes Coeur Dor\u00e9 Marron"},"content":{"rendered":"<p>Ce coffret de chaussettes ODAJE contient 3 paires de chaussettes (taille unique) :<\/p>\n<p>&#8211; 1 paire champagne paillet\u00e9<\/p>\n<p>&#8211; 1 paire marron coeurs dor\u00e9s paillet\u00e9s<\/p>\n<p>&#8211; 1 paire marron paillet\u00e9<\/p>\n<p><strong>Composition :<\/strong><span>\u00a0<\/span><\/p>\n<p>Chaussettes Glitters : 41% polyester, 27% acrylique, 18% polyamide, 6% laine, 5% fibres glitters, 3% \u00e9lasthanne<\/p>\n<p>Chaussettes Coeur : 70% coton biologique, 22% polyester, 5% fibres glitters, 3% \u00e9lasthanne<\/p>\n","protected":false},"excerpt":{"rendered":"<p>Ce coffret de chaussettes ODAJE contient 3 paires de chaussettes (taille unique) : &#8211; 1 paire champagne paillet\u00e9 &#8211; 1 paire marron coeurs dor\u00e9s paillet\u00e9s &#8211; 1 paire marron paillet\u00e9 Composition :\u00a0 Chaussettes Glitters : 41% polyester, 27% acrylique, 18% polyamide, 6% laine, 5% fibres glitters, 3% \u00e9lasthanne Chaussettes Coeur : 70% coton biologique, 22% [&hellip;]<\/p>\n","protected":false},"featured_media":1175310,"comment_status":"open","ping_status":"closed","template":"","meta":[],"product_brand":[],"product_cat":[],"product_tag":[1810],"acf":[],"_links":{"self":[{"href":"https:\/\/streetmarkets.fr\/app\/wp-json\/wp\/v2\/product\/1175309"}],"collection":[{"href":"https:\/\/streetmarkets.fr\/app\/wp-json\/wp\/v2\/product"}],"about":[{"href":"https:\/\/streetmarkets.fr\/app\/wp-json\/wp\/v2\/types\/product"}],"replies":[{"embeddable":true,"href":"https:\/\/streetmarkets.fr\/app\/wp-json\/wp\/v2\/comments?post=1175309"}],"wp:featuredmedia":[{"embeddable":true,"href":"https:\/\/streetmarkets.fr\/app\/wp-json\/wp\/v2\/media\/1175310"}],"wp:attachment":[{"href":"https:\/\/streetmarkets.fr\/app\/wp-json\/wp\/v2\/media?parent=1175309"}],"wp:term":[{"taxonomy":"product_brand","embeddable":true,"href":"https:\/\/streetmarkets.fr\/app\/wp-json\/wp\/v2\/product_brand?post=1175309"},{"taxonomy":"product_cat","embeddable":true,"href":"https:\/\/streetmarkets.fr\/app\/wp-json\/wp\/v2\/product_cat?post=1175309"},{"taxonomy":"product_tag","embeddable":true,"href":"https:\/\/streetmarkets.fr\/app\/wp-json\/wp\/v2\/product_tag?post=1175309"}],"curies":[{"name":"wp","href":"https:\/\/api.w.org\/{rel}","templated":true}]}}