{"id":1175305,"date":"2025-01-18T00:38:15","date_gmt":"2025-01-17T23:38:15","guid":{"rendered":"https:\/\/streetmarkets.fr\/app\/produit\/coffret-chaussettes-coeur-noir-dore\/"},"modified":"2025-03-24T00:38:48","modified_gmt":"2025-03-23T23:38:48","slug":"coffret-chaussettes-coeur-noir-dore","status":"publish","type":"product","link":"https:\/\/streetmarkets.fr\/app\/produit\/coffret-chaussettes-coeur-noir-dore\/","title":{"rendered":"Coffret Chaussettes Coeur Noir Dor\u00e9"},"content":{"rendered":"<p>Ce coffret de chaussettes ODAJE contient 3 paires de chaussettes (taille unique) :<\/p>\n<p>&#8211; 1 paire champagne paillet\u00e9<\/p>\n<p>&#8211; 1 paire noire coeurs dor\u00e9s paillet\u00e9s<\/p>\n<p>&#8211; 1 paire chin\u00e9 argent\u00e9<\/p>\n<p><strong>Composition :<\/strong><span> 70% coton biologique, 22% polyester, 5% fibres glitters, 3% \u00e9lasthanne<\/span><\/p>\n","protected":false},"excerpt":{"rendered":"<p>Ce coffret de chaussettes ODAJE contient 3 paires de chaussettes (taille unique) : &#8211; 1 paire champagne paillet\u00e9 &#8211; 1 paire noire coeurs dor\u00e9s paillet\u00e9s &#8211; 1 paire chin\u00e9 argent\u00e9 Composition : 70% coton biologique, 22% polyester, 5% fibres glitters, 3% \u00e9lasthanne<\/p>\n","protected":false},"featured_media":1175306,"comment_status":"open","ping_status":"closed","template":"","meta":[],"product_brand":[],"product_cat":[],"product_tag":[1810],"acf":[],"_links":{"self":[{"href":"https:\/\/streetmarkets.fr\/app\/wp-json\/wp\/v2\/product\/1175305"}],"collection":[{"href":"https:\/\/streetmarkets.fr\/app\/wp-json\/wp\/v2\/product"}],"about":[{"href":"https:\/\/streetmarkets.fr\/app\/wp-json\/wp\/v2\/types\/product"}],"replies":[{"embeddable":true,"href":"https:\/\/streetmarkets.fr\/app\/wp-json\/wp\/v2\/comments?post=1175305"}],"wp:featuredmedia":[{"embeddable":true,"href":"https:\/\/streetmarkets.fr\/app\/wp-json\/wp\/v2\/media\/1175306"}],"wp:attachment":[{"href":"https:\/\/streetmarkets.fr\/app\/wp-json\/wp\/v2\/media?parent=1175305"}],"wp:term":[{"taxonomy":"product_brand","embeddable":true,"href":"https:\/\/streetmarkets.fr\/app\/wp-json\/wp\/v2\/product_brand?post=1175305"},{"taxonomy":"product_cat","embeddable":true,"href":"https:\/\/streetmarkets.fr\/app\/wp-json\/wp\/v2\/product_cat?post=1175305"},{"taxonomy":"product_tag","embeddable":true,"href":"https:\/\/streetmarkets.fr\/app\/wp-json\/wp\/v2\/product_tag?post=1175305"}],"curies":[{"name":"wp","href":"https:\/\/api.w.org\/{rel}","templated":true}]}}