{"id":1169373,"date":"2025-01-16T05:46:43","date_gmt":"2025-01-16T04:46:43","guid":{"rendered":"https:\/\/streetmarkets.fr\/app\/produit\/norregaard-tonal-t-shirt\/"},"modified":"2026-03-16T05:44:21","modified_gmt":"2026-03-16T04:44:21","slug":"norregaard-tonal-t-shirt","status":"publish","type":"product","link":"https:\/\/streetmarkets.fr\/app\/produit\/norregaard-tonal-t-shirt\/","title":{"rendered":"N\u00f8rregaard Tonal T-Shirt"},"content":{"rendered":"<p>D\u00e9couvrez le <strong>T-shirt N\u00f8rregaard Tonal<\/strong> de la marque <strong>Les Deux<\/strong>, un basique intemporel et polyvalent pour l&#8217;homme moderne. Avec sa <strong>coupe slim<\/strong> et son <strong>design \u00e9pur\u00e9<\/strong>, ce t-shirt s&#8217;adapte \u00e0 toutes les occasions, de la tenue d\u00e9contract\u00e9e \u00e0 l&#8217;ensemble plus travaill\u00e9.<\/p>\n<p>Fabriqu\u00e9 en 100% coton, il offre un <strong>confort optimal <\/strong>tout au long de la journ\u00e9e. Ses manches retrouss\u00e9es et surpiqu\u00e9es ajoutent une touche de d\u00e9tail soign\u00e9e, tandis que la <strong>broderie<\/strong> ton sur ton &#8220;II&#8221; sur le torse apporte une signature discr\u00e8te mais \u00e9l\u00e9gante.<\/p>\n<p>Le col crewneck et la couture d&#8217;\u00e9paule r\u00e9guli\u00e8re compl\u00e8tent ce mod\u00e8le d&#8217;une grande simplicit\u00e9 et sophistication. Un <strong>essentiel<\/strong> de votre garde-robe, \u00e0 la fois <strong>chic et facile \u00e0 porter<\/strong>, qui se distingue par sa qualit\u00e9 et son style minimaliste. Disponible d\u00e8s maintenant dans notre boutique <strong>Harold<\/strong>, au c\u0153ur de Paris.<\/p>\n","protected":false},"excerpt":{"rendered":"<p>D\u00e9couvrez le T-shirt N\u00f8rregaard Tonal de la marque Les Deux, un basique intemporel et polyvalent pour l&#8217;homme moderne. Avec sa coupe slim et son design \u00e9pur\u00e9, ce t-shirt s&#8217;adapte \u00e0 toutes les occasions, de la tenue d\u00e9contract\u00e9e \u00e0 l&#8217;ensemble plus travaill\u00e9. Fabriqu\u00e9 en 100% coton, il offre un confort optimal tout au long de la [&hellip;]<\/p>\n","protected":false},"featured_media":1169374,"comment_status":"open","ping_status":"closed","template":"","meta":[],"product_brand":[],"product_cat":[1756,1758],"product_tag":[2244],"acf":[],"_links":{"self":[{"href":"https:\/\/streetmarkets.fr\/app\/wp-json\/wp\/v2\/product\/1169373"}],"collection":[{"href":"https:\/\/streetmarkets.fr\/app\/wp-json\/wp\/v2\/product"}],"about":[{"href":"https:\/\/streetmarkets.fr\/app\/wp-json\/wp\/v2\/types\/product"}],"replies":[{"embeddable":true,"href":"https:\/\/streetmarkets.fr\/app\/wp-json\/wp\/v2\/comments?post=1169373"}],"wp:featuredmedia":[{"embeddable":true,"href":"https:\/\/streetmarkets.fr\/app\/wp-json\/wp\/v2\/media\/1169374"}],"wp:attachment":[{"href":"https:\/\/streetmarkets.fr\/app\/wp-json\/wp\/v2\/media?parent=1169373"}],"wp:term":[{"taxonomy":"product_brand","embeddable":true,"href":"https:\/\/streetmarkets.fr\/app\/wp-json\/wp\/v2\/product_brand?post=1169373"},{"taxonomy":"product_cat","embeddable":true,"href":"https:\/\/streetmarkets.fr\/app\/wp-json\/wp\/v2\/product_cat?post=1169373"},{"taxonomy":"product_tag","embeddable":true,"href":"https:\/\/streetmarkets.fr\/app\/wp-json\/wp\/v2\/product_tag?post=1169373"}],"curies":[{"name":"wp","href":"https:\/\/api.w.org\/{rel}","templated":true}]}}