{"id":1169361,"date":"2025-01-16T05:46:43","date_gmt":"2025-01-16T04:46:43","guid":{"rendered":"https:\/\/streetmarkets.fr\/app\/produit\/reason-ls-knit-boiled-wool-zip\/"},"modified":"2026-03-16T05:44:21","modified_gmt":"2026-03-16T04:44:21","slug":"reason-ls-knit-boiled-wool-zip","status":"publish","type":"product","link":"https:\/\/streetmarkets.fr\/app\/produit\/reason-ls-knit-boiled-wool-zip\/","title":{"rendered":"Reason LS Knit Boiled Wool Zip"},"content":{"rendered":"<p><!--td {border: 1px solid #cccccc;}br {mso-data-placement:same-cell;}--><\/p>\n<p><span data-sheets-root=\"1\">Alliant expertise et design, notre cardigan en laine m\u00e9rinos <strong>Reason LS Knit Boiled Wool<\/strong> <strong>Zip <\/strong>de chez <strong>Selected <\/strong>est une pi\u00e8ce essentielle pour la saison hivernale.\u00a0<\/p>\n<p>Fabriqu\u00e9 \u00e0 <strong>100 % en laine m\u00e9rinos<\/strong>, ce cardigan offre une <strong>douceur exceptionnelle<\/strong> et une performance in\u00e9gal\u00e9e. La laine m\u00e9rinos est ultra-fine et douce, id\u00e9ale pour les superpositions, et procure un <strong>confort <\/strong>incomparable sur la peau. Ses propri\u00e9t\u00e9s isolantes en font une mati\u00e8re de choix pour affronter les journ\u00e9es fra\u00eeches avec style.<\/p>\n<p>Son col de <strong>baseball <\/strong>c\u00f4tel\u00e9, sa fermeture \u00e9clair \u00e0 double sens sur le devant, ses manches longues avec poignets ajust\u00e9s, ses poches plaqu\u00e9es sur le devant et sa<strong> coupe classique<\/strong> font de ce v\u00eatement la pi\u00e8ce parfaite pour l&#8217;hiver. <\/p>\n<p>Portez ce <strong>cardigan <\/strong>par-dessus une chemise ou un T-shirt pour un<strong> look \u00e9l\u00e9gant <\/strong>et d\u00e9contract\u00e9. Associez-le avec un jean ou un pantalon pour une tenue polyvalente adapt\u00e9e \u00e0 toutes les occasions.<\/p>\n<p>Le <strong>Reason LS Knit Boiled Wool Zip<\/strong> de <strong>Selected <\/strong>est disponible chez <strong>Harold<\/strong>, votre boutique de pr\u00eat-\u00e0-porter homme \u00e0 Paris. Cette pi\u00e8ce est parfaite pour rester au chaud tout en \u00e9tant chic. Sa qualit\u00e9 sup\u00e9rieure et son<strong> design intemporel <\/strong>en font un incontournable de votre <strong>vestiaire masculin<\/strong>.<\/span><\/p>\n","protected":false},"excerpt":{"rendered":"<p>Alliant expertise et design, notre cardigan en laine m\u00e9rinos Reason LS Knit Boiled Wool Zip de chez Selected est une pi\u00e8ce essentielle pour la saison hivernale.\u00a0 Fabriqu\u00e9 \u00e0 100 % en laine m\u00e9rinos, ce cardigan offre une douceur exceptionnelle et une performance in\u00e9gal\u00e9e. La laine m\u00e9rinos est ultra-fine et douce, id\u00e9ale pour les superpositions, et [&hellip;]<\/p>\n","protected":false},"featured_media":1169362,"comment_status":"open","ping_status":"closed","template":"","meta":[],"product_brand":[],"product_cat":[1756,1758],"product_tag":[2244],"acf":[],"_links":{"self":[{"href":"https:\/\/streetmarkets.fr\/app\/wp-json\/wp\/v2\/product\/1169361"}],"collection":[{"href":"https:\/\/streetmarkets.fr\/app\/wp-json\/wp\/v2\/product"}],"about":[{"href":"https:\/\/streetmarkets.fr\/app\/wp-json\/wp\/v2\/types\/product"}],"replies":[{"embeddable":true,"href":"https:\/\/streetmarkets.fr\/app\/wp-json\/wp\/v2\/comments?post=1169361"}],"wp:featuredmedia":[{"embeddable":true,"href":"https:\/\/streetmarkets.fr\/app\/wp-json\/wp\/v2\/media\/1169362"}],"wp:attachment":[{"href":"https:\/\/streetmarkets.fr\/app\/wp-json\/wp\/v2\/media?parent=1169361"}],"wp:term":[{"taxonomy":"product_brand","embeddable":true,"href":"https:\/\/streetmarkets.fr\/app\/wp-json\/wp\/v2\/product_brand?post=1169361"},{"taxonomy":"product_cat","embeddable":true,"href":"https:\/\/streetmarkets.fr\/app\/wp-json\/wp\/v2\/product_cat?post=1169361"},{"taxonomy":"product_tag","embeddable":true,"href":"https:\/\/streetmarkets.fr\/app\/wp-json\/wp\/v2\/product_tag?post=1169361"}],"curies":[{"name":"wp","href":"https:\/\/api.w.org\/{rel}","templated":true}]}}