{"id":1169321,"date":"2025-01-16T05:46:39","date_gmt":"2025-01-16T04:46:39","guid":{"rendered":"https:\/\/streetmarkets.fr\/app\/produit\/smithy-trousers-14564\/"},"modified":"2026-03-16T05:44:21","modified_gmt":"2026-03-16T04:44:21","slug":"smithy-trousers-14564","status":"publish","type":"product","link":"https:\/\/streetmarkets.fr\/app\/produit\/smithy-trousers-14564\/","title":{"rendered":"Smithy Trousers 14564"},"content":{"rendered":"<p><!--td {border: 1px solid #cccccc;}br {mso-data-placement:same-cell;}--><\/p>\n<p><span data-sheets-root=\"1\">D\u00e9couvrez le <strong>pantalon Smithy 14564<\/strong> de la marque <strong>Sams\u00f8e Sams\u00f8e<\/strong>, un incontournable de la boutique homme <strong>Harold<\/strong>. Avec sa couleur Climbing Ivy, ce pantalon arbore une <strong>coupe ajust\u00e9e<\/strong> avec une silhouette fusel\u00e9e pour un <strong>look moderne et \u00e9l\u00e9gant<\/strong>.\u00a0<\/p>\n<p>La<strong> taille \u00e9lastiqu\u00e9e<\/strong> avec cordon de serrage assure un ajustement confortable et personnalis\u00e9. Les poches lat\u00e9rales ajoutent une touche pratique, tandis que la poche arri\u00e8re passepoil\u00e9e avec fermeture \u00e9clair offre un espace s\u00e9curis\u00e9 pour vos petits essentiels. <\/p>\n<p>Polyvalent, ce pantalon peut \u00eatre port\u00e9 de mani\u00e8re d\u00e9contract\u00e9e ou habill\u00e9e, offrant une <strong>polyvalence parfaite<\/strong> pour toutes les occasions. Ajoutez une touche de style unique \u00e0 votre<strong> vestiaire masculin <\/strong>avec le <strong>pantalon Smithy 14564<\/strong>.<\/span><\/p>\n","protected":false},"excerpt":{"rendered":"<p>D\u00e9couvrez le pantalon Smithy 14564 de la marque Sams\u00f8e Sams\u00f8e, un incontournable de la boutique homme Harold. Avec sa couleur Climbing Ivy, ce pantalon arbore une coupe ajust\u00e9e avec une silhouette fusel\u00e9e pour un look moderne et \u00e9l\u00e9gant.\u00a0 La taille \u00e9lastiqu\u00e9e avec cordon de serrage assure un ajustement confortable et personnalis\u00e9. Les poches lat\u00e9rales ajoutent [&hellip;]<\/p>\n","protected":false},"featured_media":1169322,"comment_status":"open","ping_status":"closed","template":"","meta":[],"product_brand":[],"product_cat":[1756,1758],"product_tag":[2244],"acf":[],"_links":{"self":[{"href":"https:\/\/streetmarkets.fr\/app\/wp-json\/wp\/v2\/product\/1169321"}],"collection":[{"href":"https:\/\/streetmarkets.fr\/app\/wp-json\/wp\/v2\/product"}],"about":[{"href":"https:\/\/streetmarkets.fr\/app\/wp-json\/wp\/v2\/types\/product"}],"replies":[{"embeddable":true,"href":"https:\/\/streetmarkets.fr\/app\/wp-json\/wp\/v2\/comments?post=1169321"}],"wp:featuredmedia":[{"embeddable":true,"href":"https:\/\/streetmarkets.fr\/app\/wp-json\/wp\/v2\/media\/1169322"}],"wp:attachment":[{"href":"https:\/\/streetmarkets.fr\/app\/wp-json\/wp\/v2\/media?parent=1169321"}],"wp:term":[{"taxonomy":"product_brand","embeddable":true,"href":"https:\/\/streetmarkets.fr\/app\/wp-json\/wp\/v2\/product_brand?post=1169321"},{"taxonomy":"product_cat","embeddable":true,"href":"https:\/\/streetmarkets.fr\/app\/wp-json\/wp\/v2\/product_cat?post=1169321"},{"taxonomy":"product_tag","embeddable":true,"href":"https:\/\/streetmarkets.fr\/app\/wp-json\/wp\/v2\/product_tag?post=1169321"}],"curies":[{"name":"wp","href":"https:\/\/api.w.org\/{rel}","templated":true}]}}