{"id":1169270,"date":"2025-01-16T05:46:36","date_gmt":"2025-01-16T04:46:36","guid":{"rendered":"https:\/\/streetmarkets.fr\/app\/produit\/luan-shirt-14680\/"},"modified":"2026-03-16T05:44:20","modified_gmt":"2026-03-16T04:44:20","slug":"luan-shirt-14680","status":"publish","type":"product","link":"https:\/\/streetmarkets.fr\/app\/produit\/luan-shirt-14680\/","title":{"rendered":"Luan Shirt 14680"},"content":{"rendered":"<p><!--td {border: 1px solid #cccccc;}br {mso-data-placement:same-cell;}--><\/p>\n<p><span data-sheets-root=\"1\">D\u00e9couvrez la <strong>surchemise Luan Shirt 14680<\/strong> de<strong> Sams\u00f8e Sams\u00f8e<\/strong>, une pi\u00e8ce essentielle \u00e0 ajouter \u00e0 votre garde-robe. <\/p>\n<p>Arborant un <strong>motif \u00e0 carreaux textur\u00e9<\/strong> sur fond blanc, cette surchemise offre un style polyvalent et moderne. Dot\u00e9e d&#8217;une <strong>coupe regular fit<\/strong>, elle assure un ajustement confortable et flatteur. Parfaite pour superposer sur un t-shirt ou une chemise, cette surchemise apporte une touche <strong>chic <\/strong>\u00e0 toute tenue.\u00a0<\/p>\n<p>Que ce soit pour une journ\u00e9e d\u00e9contract\u00e9e en ville ou une soir\u00e9e entre amis, la surchemise <strong>Luan Shirt 14680<\/strong> est un choix polyvalent et \u00e9l\u00e9gant. Offrez-vous le confort et le style avec cette surchemise blanche \u00e0 carreaux textur\u00e9e de <strong>Sams\u00f8e Sams\u00f8e, <\/strong>disponible dans votre boutique pour homme <strong>Harold<\/strong>.<\/span><\/p>\n","protected":false},"excerpt":{"rendered":"<p>D\u00e9couvrez la surchemise Luan Shirt 14680 de Sams\u00f8e Sams\u00f8e, une pi\u00e8ce essentielle \u00e0 ajouter \u00e0 votre garde-robe. Arborant un motif \u00e0 carreaux textur\u00e9 sur fond blanc, cette surchemise offre un style polyvalent et moderne. Dot\u00e9e d&#8217;une coupe regular fit, elle assure un ajustement confortable et flatteur. Parfaite pour superposer sur un t-shirt ou une chemise, [&hellip;]<\/p>\n","protected":false},"featured_media":1169271,"comment_status":"open","ping_status":"closed","template":"","meta":[],"product_brand":[],"product_cat":[1756,1758],"product_tag":[2244],"acf":[],"_links":{"self":[{"href":"https:\/\/streetmarkets.fr\/app\/wp-json\/wp\/v2\/product\/1169270"}],"collection":[{"href":"https:\/\/streetmarkets.fr\/app\/wp-json\/wp\/v2\/product"}],"about":[{"href":"https:\/\/streetmarkets.fr\/app\/wp-json\/wp\/v2\/types\/product"}],"replies":[{"embeddable":true,"href":"https:\/\/streetmarkets.fr\/app\/wp-json\/wp\/v2\/comments?post=1169270"}],"wp:featuredmedia":[{"embeddable":true,"href":"https:\/\/streetmarkets.fr\/app\/wp-json\/wp\/v2\/media\/1169271"}],"wp:attachment":[{"href":"https:\/\/streetmarkets.fr\/app\/wp-json\/wp\/v2\/media?parent=1169270"}],"wp:term":[{"taxonomy":"product_brand","embeddable":true,"href":"https:\/\/streetmarkets.fr\/app\/wp-json\/wp\/v2\/product_brand?post=1169270"},{"taxonomy":"product_cat","embeddable":true,"href":"https:\/\/streetmarkets.fr\/app\/wp-json\/wp\/v2\/product_cat?post=1169270"},{"taxonomy":"product_tag","embeddable":true,"href":"https:\/\/streetmarkets.fr\/app\/wp-json\/wp\/v2\/product_tag?post=1169270"}],"curies":[{"name":"wp","href":"https:\/\/api.w.org\/{rel}","templated":true}]}}