{"id":1169249,"date":"2025-01-16T05:46:33","date_gmt":"2025-01-16T04:46:33","guid":{"rendered":"https:\/\/streetmarkets.fr\/app\/produit\/slim-isac-navy-herringbone-trousers\/"},"modified":"2026-03-16T05:44:20","modified_gmt":"2026-03-16T04:44:20","slug":"slim-isac-navy-herringbone-trousers","status":"publish","type":"product","link":"https:\/\/streetmarkets.fr\/app\/produit\/slim-isac-navy-herringbone-trousers\/","title":{"rendered":"Slim Isac Navy Herringbone Trousers"},"content":{"rendered":"<p><!--td {border: 1px solid #cccccc;}br {mso-data-placement:same-cell;}--><\/p>\n<p><span data-sheets-root=\"1\">Faites sensation lors de vos \u00e9v\u00e9nements avec le\u00a0<strong>pantalon Slim Isac Navy Herringbone<\/strong> de <strong>Selected<\/strong>. Confectionn\u00e9 avec soin \u00e0 partir d&#8217;un m\u00e9lange de laine et de mat\u00e9riaux recycl\u00e9s, ce pantalon offre un mariage parfait entre <strong>\u00e9l\u00e9gance et durabilit\u00e9<\/strong>.<\/p>\n<p>Son tissage \u00e0 chevrons <strong>intemporel <\/strong>conf\u00e8re une allure sophistiqu\u00e9e et subtile, id\u00e9ale pour toute occasion, que ce soit une r\u00e9union d&#8217;affaires ou un mariage \u00e9l\u00e9gant. Sa coupe slim \u00e9pouse harmonieusement les courbes, tandis que sa<strong> taille mi-haute<\/strong> et ses passants de ceinture ajoutent une touche de confort et de praticit\u00e9.<\/p>\n<p><strong>Pratique et fonctionnel<\/strong>, ce pantalon est dot\u00e9 de poches lat\u00e9rales fendues et de poches arri\u00e8re pour ranger vos petits essentiels en toute s\u00e9curit\u00e9. Les plis marqu\u00e9s au centre ajoutent une touche de sophistication suppl\u00e9mentaire \u00e0 ce mod\u00e8le d\u00e9j\u00e0 <strong>\u00e9l\u00e9gant<\/strong>.<\/p>\n<p>Portez-le en <strong>costume deux-pi\u00e8ces<\/strong> avec le <strong>Slim Isac Navy Herringbone Blazer<\/strong>. Ce mod\u00e8le \u00e0 chevrons assorti de notre collection vous assurera un look parfaitement coordonn\u00e9. Compl\u00e9tez votre tenue avec une chemise blanche impeccable, des derbys en cuir et un carr\u00e9 de poche en soie pour une <strong>allure raffin\u00e9e et \u00e9l\u00e9gante<\/strong>.<\/p>\n<p>Fabriqu\u00e9 avec du polyester recycl\u00e9 et de la laine recycl\u00e9e, le pantalon Slim Isac Navy Herringbone de Selected t\u00e9moigne de notre engagement envers la durabilit\u00e9 tout en offrant un style intemporel et sophistiqu\u00e9. Disponible d\u00e8s maintenant dans notre boutique Harold \u00e0 Paris et sur notre site internet.<\/span><\/p>\n","protected":false},"excerpt":{"rendered":"<p>Faites sensation lors de vos \u00e9v\u00e9nements avec le\u00a0pantalon Slim Isac Navy Herringbone de Selected. Confectionn\u00e9 avec soin \u00e0 partir d&#8217;un m\u00e9lange de laine et de mat\u00e9riaux recycl\u00e9s, ce pantalon offre un mariage parfait entre \u00e9l\u00e9gance et durabilit\u00e9. Son tissage \u00e0 chevrons intemporel conf\u00e8re une allure sophistiqu\u00e9e et subtile, id\u00e9ale pour toute occasion, que ce soit [&hellip;]<\/p>\n","protected":false},"featured_media":1169250,"comment_status":"open","ping_status":"closed","template":"","meta":[],"product_brand":[],"product_cat":[1756,1758],"product_tag":[2244],"acf":[],"_links":{"self":[{"href":"https:\/\/streetmarkets.fr\/app\/wp-json\/wp\/v2\/product\/1169249"}],"collection":[{"href":"https:\/\/streetmarkets.fr\/app\/wp-json\/wp\/v2\/product"}],"about":[{"href":"https:\/\/streetmarkets.fr\/app\/wp-json\/wp\/v2\/types\/product"}],"replies":[{"embeddable":true,"href":"https:\/\/streetmarkets.fr\/app\/wp-json\/wp\/v2\/comments?post=1169249"}],"wp:featuredmedia":[{"embeddable":true,"href":"https:\/\/streetmarkets.fr\/app\/wp-json\/wp\/v2\/media\/1169250"}],"wp:attachment":[{"href":"https:\/\/streetmarkets.fr\/app\/wp-json\/wp\/v2\/media?parent=1169249"}],"wp:term":[{"taxonomy":"product_brand","embeddable":true,"href":"https:\/\/streetmarkets.fr\/app\/wp-json\/wp\/v2\/product_brand?post=1169249"},{"taxonomy":"product_cat","embeddable":true,"href":"https:\/\/streetmarkets.fr\/app\/wp-json\/wp\/v2\/product_cat?post=1169249"},{"taxonomy":"product_tag","embeddable":true,"href":"https:\/\/streetmarkets.fr\/app\/wp-json\/wp\/v2\/product_tag?post=1169249"}],"curies":[{"name":"wp","href":"https:\/\/api.w.org\/{rel}","templated":true}]}}