{"id":1163651,"date":"2025-01-16T01:14:06","date_gmt":"2025-01-16T00:14:06","guid":{"rendered":"https:\/\/streetmarkets.fr\/app\/produit\/t-shirt-col-v-manches-courtes-s25-femme-noir\/"},"modified":"2026-05-06T01:52:27","modified_gmt":"2026-05-05T23:52:27","slug":"t-shirt-col-v-manches-courtes-s25-femme-noir","status":"publish","type":"product","link":"https:\/\/streetmarkets.fr\/app\/produit\/t-shirt-col-v-manches-courtes-s25-femme-noir\/","title":{"rendered":"T-shirt Col V Manches Courtes (S25 \/ FEMME \/ Noir)"},"content":{"rendered":"<p>Pi\u00e8ce incontournable du vestiaire f\u00e9minin, ce t-shirt en coton d\u00e9voile un un col V et des manches courtes. Un basique \u00e0 porter sans mod\u00e9ration pour accompagner tous vos looks.<\/p>\n<p>&#8211; T-shirt en coton Femme<br \/>\n<br \/>&#8211; Col V<br \/>\n<br \/>&#8211; Manches courtes<br \/>\n<br \/>&#8211; Coupe regular<br \/>\n<br \/>&#8211; Fabriqu\u00e9 au Portugal<\/p>\n","protected":false},"excerpt":{"rendered":"<p>Pi\u00e8ce incontournable du vestiaire f\u00e9minin, ce t-shirt en coton d\u00e9voile un un col V et des manches courtes. Un basique \u00e0 porter sans mod\u00e9ration pour accompagner tous vos looks. &#8211; T-shirt en coton Femme &#8211; Col V &#8211; Manches courtes &#8211; Coupe regular &#8211; Fabriqu\u00e9 au Portugal<\/p>\n","protected":false},"featured_media":1163652,"comment_status":"open","ping_status":"closed","template":"","meta":[],"product_brand":[6868],"product_cat":[1756,1762],"product_tag":[2244],"acf":[],"_links":{"self":[{"href":"https:\/\/streetmarkets.fr\/app\/wp-json\/wp\/v2\/product\/1163651"}],"collection":[{"href":"https:\/\/streetmarkets.fr\/app\/wp-json\/wp\/v2\/product"}],"about":[{"href":"https:\/\/streetmarkets.fr\/app\/wp-json\/wp\/v2\/types\/product"}],"replies":[{"embeddable":true,"href":"https:\/\/streetmarkets.fr\/app\/wp-json\/wp\/v2\/comments?post=1163651"}],"wp:featuredmedia":[{"embeddable":true,"href":"https:\/\/streetmarkets.fr\/app\/wp-json\/wp\/v2\/media\/1163652"}],"wp:attachment":[{"href":"https:\/\/streetmarkets.fr\/app\/wp-json\/wp\/v2\/media?parent=1163651"}],"wp:term":[{"taxonomy":"product_brand","embeddable":true,"href":"https:\/\/streetmarkets.fr\/app\/wp-json\/wp\/v2\/product_brand?post=1163651"},{"taxonomy":"product_cat","embeddable":true,"href":"https:\/\/streetmarkets.fr\/app\/wp-json\/wp\/v2\/product_cat?post=1163651"},{"taxonomy":"product_tag","embeddable":true,"href":"https:\/\/streetmarkets.fr\/app\/wp-json\/wp\/v2\/product_tag?post=1163651"}],"curies":[{"name":"wp","href":"https:\/\/api.w.org\/{rel}","templated":true}]}}