{"id":1163619,"date":"2025-01-16T01:14:02","date_gmt":"2025-01-16T00:14:02","guid":{"rendered":"https:\/\/streetmarkets.fr\/app\/produit\/robe-courte-manches-longue-s25-femme-noir\/"},"modified":"2025-09-01T01:48:17","modified_gmt":"2025-08-31T23:48:17","slug":"robe-courte-manches-longue-s25-femme-noir","status":"publish","type":"product","link":"https:\/\/streetmarkets.fr\/app\/produit\/robe-courte-manches-longue-s25-femme-noir\/","title":{"rendered":"Robe Courte Manches Longues (S25 \/ FEMME \/ Noir)"},"content":{"rendered":"<p>Confectionn\u00e9e en laine m\u00e9rinos 4 fils, cette robe courte s\u00e9duit par un d\u00e9collet\u00e9 plongeant et des volants d\u00e9licats. Un col chemise et des bords contrast\u00e9s soulignent les lignes \u00e9pur\u00e9es de la silhouette. <\/p>\n<p>&#8211; Robe courte en laine m\u00e9rinos 4 fils Femme<br \/>\n<br \/>&#8211; Col chemise et d\u00e9collet\u00e9 plongeant contrast\u00e9s<br \/>\n<br \/>&#8211; Manches longues<br \/>\n<br \/>&#8211; Bords volant\u00e9s contrast\u00e9s<br \/>\n<br \/>&#8211; Coupe slim<br \/>\n<br \/>&#8211; Laine m\u00e9rinos : respirante et thermor\u00e9gulatrice, elle peut \u00eatre port\u00e9e \u00e9t\u00e9 comme hiver<\/p>\n","protected":false},"excerpt":{"rendered":"<p>Confectionn\u00e9e en laine m\u00e9rinos 4 fils, cette robe courte s\u00e9duit par un d\u00e9collet\u00e9 plongeant et des volants d\u00e9licats. Un col chemise et des bords contrast\u00e9s soulignent les lignes \u00e9pur\u00e9es de la silhouette. &#8211; Robe courte en laine m\u00e9rinos 4 fils Femme &#8211; Col chemise et d\u00e9collet\u00e9 plongeant contrast\u00e9s &#8211; Manches longues &#8211; Bords volant\u00e9s contrast\u00e9s [&hellip;]<\/p>\n","protected":false},"featured_media":1163620,"comment_status":"open","ping_status":"closed","template":"","meta":[],"product_brand":[6868],"product_cat":[1756,1762],"product_tag":[2244],"acf":[],"_links":{"self":[{"href":"https:\/\/streetmarkets.fr\/app\/wp-json\/wp\/v2\/product\/1163619"}],"collection":[{"href":"https:\/\/streetmarkets.fr\/app\/wp-json\/wp\/v2\/product"}],"about":[{"href":"https:\/\/streetmarkets.fr\/app\/wp-json\/wp\/v2\/types\/product"}],"replies":[{"embeddable":true,"href":"https:\/\/streetmarkets.fr\/app\/wp-json\/wp\/v2\/comments?post=1163619"}],"wp:featuredmedia":[{"embeddable":true,"href":"https:\/\/streetmarkets.fr\/app\/wp-json\/wp\/v2\/media\/1163620"}],"wp:attachment":[{"href":"https:\/\/streetmarkets.fr\/app\/wp-json\/wp\/v2\/media?parent=1163619"}],"wp:term":[{"taxonomy":"product_brand","embeddable":true,"href":"https:\/\/streetmarkets.fr\/app\/wp-json\/wp\/v2\/product_brand?post=1163619"},{"taxonomy":"product_cat","embeddable":true,"href":"https:\/\/streetmarkets.fr\/app\/wp-json\/wp\/v2\/product_cat?post=1163619"},{"taxonomy":"product_tag","embeddable":true,"href":"https:\/\/streetmarkets.fr\/app\/wp-json\/wp\/v2\/product_tag?post=1163619"}],"curies":[{"name":"wp","href":"https:\/\/api.w.org\/{rel}","templated":true}]}}