{"id":1163591,"date":"2025-01-16T01:13:59","date_gmt":"2025-01-16T00:13:59","guid":{"rendered":"https:\/\/streetmarkets.fr\/app\/produit\/t-shirt-col-rond-manches-courtes-s25-homme-noir\/"},"modified":"2026-02-16T00:51:25","modified_gmt":"2026-02-15T23:51:25","slug":"t-shirt-col-rond-manches-courtes-s25-homme-noir","status":"publish","type":"product","link":"https:\/\/streetmarkets.fr\/app\/produit\/t-shirt-col-rond-manches-courtes-s25-homme-noir\/","title":{"rendered":"T-shirt Col Rond Manches Courtes (S25 \/ HOMME \/ Noir)"},"content":{"rendered":"<p>Pi\u00e8ce incontournable du vestiaire masculin, ce t-shirt en coton d\u00e9voile un col rond et des manches courtes. Facile \u00e0 mixer, cet essentiel se porte sans mod\u00e9ration pour accompagner tous vos looks.<\/p>\n<p>&#8211; T-shirt en coton Homme<br \/>\n<br \/>&#8211; Col rond<br \/>\n<br \/>&#8211; Manches courtes<br \/>\n<br \/>&#8211; Coupe regular<br \/>\n<br \/>&#8211; Fabriqu\u00e9 au Portugal<\/p>\n","protected":false},"excerpt":{"rendered":"<p>Pi\u00e8ce incontournable du vestiaire masculin, ce t-shirt en coton d\u00e9voile un col rond et des manches courtes. Facile \u00e0 mixer, cet essentiel se porte sans mod\u00e9ration pour accompagner tous vos looks. &#8211; T-shirt en coton Homme &#8211; Col rond &#8211; Manches courtes &#8211; Coupe regular &#8211; Fabriqu\u00e9 au Portugal<\/p>\n","protected":false},"featured_media":1163592,"comment_status":"open","ping_status":"closed","template":"","meta":[],"product_brand":[6868],"product_cat":[1756,1758],"product_tag":[2244],"acf":[],"_links":{"self":[{"href":"https:\/\/streetmarkets.fr\/app\/wp-json\/wp\/v2\/product\/1163591"}],"collection":[{"href":"https:\/\/streetmarkets.fr\/app\/wp-json\/wp\/v2\/product"}],"about":[{"href":"https:\/\/streetmarkets.fr\/app\/wp-json\/wp\/v2\/types\/product"}],"replies":[{"embeddable":true,"href":"https:\/\/streetmarkets.fr\/app\/wp-json\/wp\/v2\/comments?post=1163591"}],"wp:featuredmedia":[{"embeddable":true,"href":"https:\/\/streetmarkets.fr\/app\/wp-json\/wp\/v2\/media\/1163592"}],"wp:attachment":[{"href":"https:\/\/streetmarkets.fr\/app\/wp-json\/wp\/v2\/media?parent=1163591"}],"wp:term":[{"taxonomy":"product_brand","embeddable":true,"href":"https:\/\/streetmarkets.fr\/app\/wp-json\/wp\/v2\/product_brand?post=1163591"},{"taxonomy":"product_cat","embeddable":true,"href":"https:\/\/streetmarkets.fr\/app\/wp-json\/wp\/v2\/product_cat?post=1163591"},{"taxonomy":"product_tag","embeddable":true,"href":"https:\/\/streetmarkets.fr\/app\/wp-json\/wp\/v2\/product_tag?post=1163591"}],"curies":[{"name":"wp","href":"https:\/\/api.w.org\/{rel}","templated":true}]}}