{"id":1163555,"date":"2025-01-16T01:13:56","date_gmt":"2025-01-16T00:13:56","guid":{"rendered":"https:\/\/streetmarkets.fr\/app\/produit\/pull-col-rond-s25-femme-passion-red\/"},"modified":"2025-09-07T01:49:13","modified_gmt":"2025-09-06T23:49:13","slug":"pull-col-rond-s25-femme-passion-red","status":"publish","type":"product","link":"https:\/\/streetmarkets.fr\/app\/produit\/pull-col-rond-s25-femme-passion-red\/","title":{"rendered":"Pull Col Rond Bicolore (S25 \/ FEMME \/ Passion Red)"},"content":{"rendered":"<p>Orn\u00e9 de motifs g\u00e9om\u00e9triques et de bords unis, ce pull court conf\u00e8re une allure vibrante et audacieuse. Confectionn\u00e9 dans un m\u00e9lange de coton et de cachemire 4 fils, il est muni d&#8217;un col rond et de manches longues. <\/p>\n<p>&#8211; Pull court en coton et cachemire 4 fils Femme<br \/>\n<br \/>&#8211; Motifs g\u00e9om\u00e9triques<br \/>\n<br \/>&#8211; Col rond<br \/>\n<br \/>&#8211; Manches longues<br \/>\n<br \/>&#8211; Bords c\u00f4tel\u00e9s unis<br \/>\n<br \/>&#8211; Coupe regular<\/p>\n","protected":false},"excerpt":{"rendered":"<p>Orn\u00e9 de motifs g\u00e9om\u00e9triques et de bords unis, ce pull court conf\u00e8re une allure vibrante et audacieuse. Confectionn\u00e9 dans un m\u00e9lange de coton et de cachemire 4 fils, il est muni d&#8217;un col rond et de manches longues. &#8211; Pull court en coton et cachemire 4 fils Femme &#8211; Motifs g\u00e9om\u00e9triques &#8211; Col rond &#8211; [&hellip;]<\/p>\n","protected":false},"featured_media":1163556,"comment_status":"open","ping_status":"closed","template":"","meta":[],"product_brand":[6868],"product_cat":[1756,1762],"product_tag":[2244],"acf":[],"_links":{"self":[{"href":"https:\/\/streetmarkets.fr\/app\/wp-json\/wp\/v2\/product\/1163555"}],"collection":[{"href":"https:\/\/streetmarkets.fr\/app\/wp-json\/wp\/v2\/product"}],"about":[{"href":"https:\/\/streetmarkets.fr\/app\/wp-json\/wp\/v2\/types\/product"}],"replies":[{"embeddable":true,"href":"https:\/\/streetmarkets.fr\/app\/wp-json\/wp\/v2\/comments?post=1163555"}],"wp:featuredmedia":[{"embeddable":true,"href":"https:\/\/streetmarkets.fr\/app\/wp-json\/wp\/v2\/media\/1163556"}],"wp:attachment":[{"href":"https:\/\/streetmarkets.fr\/app\/wp-json\/wp\/v2\/media?parent=1163555"}],"wp:term":[{"taxonomy":"product_brand","embeddable":true,"href":"https:\/\/streetmarkets.fr\/app\/wp-json\/wp\/v2\/product_brand?post=1163555"},{"taxonomy":"product_cat","embeddable":true,"href":"https:\/\/streetmarkets.fr\/app\/wp-json\/wp\/v2\/product_cat?post=1163555"},{"taxonomy":"product_tag","embeddable":true,"href":"https:\/\/streetmarkets.fr\/app\/wp-json\/wp\/v2\/product_tag?post=1163555"}],"curies":[{"name":"wp","href":"https:\/\/api.w.org\/{rel}","templated":true}]}}