{"id":1163389,"date":"2025-01-16T00:51:13","date_gmt":"2025-01-15T23:51:13","guid":{"rendered":"https:\/\/streetmarkets.fr\/app\/produit\/pull-camionneur-laine-sans-manches\/"},"modified":"2025-08-17T01:47:32","modified_gmt":"2025-08-16T23:47:32","slug":"pull-camionneur-laine-sans-manches","status":"publish","type":"product","link":"https:\/\/streetmarkets.fr\/app\/produit\/pull-camionneur-laine-sans-manches\/","title":{"rendered":"Pull Camionneur Laine Sans Manches"},"content":{"rendered":"<p>Tricot \u00e9pais et confortable qui se distingue par un col camionneur et une coupe plut\u00f4t courte. Sa maille 100% laine en fait un pull d&#8217;une tr\u00e8s belle qualit\u00e9. Le tricot \u00e0 motifs et la coupe sans manches le rendent polyvalent et urbain.\u00a0<\/p>\n<ul>\n<li><span style=\"text-align:justify\">Col camionneur, coupe droite<\/span><\/li>\n<li style=\"text-align:justify\">Fermeture \u00e9clair argent\u00e9e<\/li>\n<li>Sans manches<\/li>\n<li>Couleur bleu marine<\/li>\n<\/ul>\n<p><strong><em>Composition<\/em>:<\/strong><\/p>\n<ul>\n<li>50 % laine biologique<\/li>\n<li>50 % laine recycl\u00e9e<\/li>\n<\/ul>\n<p><em>La laine biologique certifi\u00e9e GOTS et la laine recycl\u00e9e certifi\u00e9e GRS contribuent \u00e0 \u00e9conomiser de l\u2019eau, \u00e0 pr\u00e9server la sant\u00e9 des travailleurs ainsi que la biodiversit\u00e9, pour les g\u00e9n\u00e9rations \u00e0 venir.<\/em><\/p>\n<\/p>\n<p><em><strong>Fabrication<\/strong><\/em>:<\/p>\n<ul>\n<li>Fabriqu\u00e9 \u00e9thiquement en Turquie \u00e0 Istambul, par l&#8217;entreprise Bera Tekstil Triko Imalat Ithalat Ihracat San. Tic. Ltd. Sti.<\/li>\n<\/ul>\n<p><em><strong>Label(s)<\/strong><\/em>:\u00a0<\/p>\n<ul>\n<li style=\"text-align:left\"><strong>GOTS<\/strong> (Global Organic Textile Standard) sur tout la cha\u00eene de production, de la culture du coton aux finitions.<\/li>\n<li style=\"text-align:left\"><strong>GRS<\/strong> (Global Recycled Standard)<\/li>\n<\/ul>\n<p><em><strong>Conseil taille<\/strong><\/em>: ce mod\u00e8le taille normalement, prenez votre taille habituelle. Pour un effet moins loose, vous pouvez prendre une taille en dessous. La mannequin mesure 1m78 et porte la taille S.<\/p>\n<p><strong><em>Entretien<\/em><\/strong>: lavez \u00e0 la main. G\u00e9n\u00e9ralement il suffit d&#8217;a\u00e9rer la laine \ud83d\ude42<\/p>\n<p><em><strong>Disponibilit\u00e9<\/strong>:<\/em> retrouvez ce pull dans notre boutique de Paris !<\/p>\n","protected":false},"excerpt":{"rendered":"<p>Tricot \u00e9pais et confortable qui se distingue par un col camionneur et une coupe plut\u00f4t courte. Sa maille 100% laine en fait un pull d&#8217;une tr\u00e8s belle qualit\u00e9. Le tricot \u00e0 motifs et la coupe sans manches le rendent polyvalent et urbain.\u00a0 Col camionneur, coupe droite Fermeture \u00e9clair argent\u00e9e Sans manches Couleur bleu marine Composition: [&hellip;]<\/p>\n","protected":false},"featured_media":1163390,"comment_status":"open","ping_status":"closed","template":"","meta":[],"product_brand":[],"product_cat":[1756,1762],"product_tag":[1810],"acf":[],"_links":{"self":[{"href":"https:\/\/streetmarkets.fr\/app\/wp-json\/wp\/v2\/product\/1163389"}],"collection":[{"href":"https:\/\/streetmarkets.fr\/app\/wp-json\/wp\/v2\/product"}],"about":[{"href":"https:\/\/streetmarkets.fr\/app\/wp-json\/wp\/v2\/types\/product"}],"replies":[{"embeddable":true,"href":"https:\/\/streetmarkets.fr\/app\/wp-json\/wp\/v2\/comments?post=1163389"}],"wp:featuredmedia":[{"embeddable":true,"href":"https:\/\/streetmarkets.fr\/app\/wp-json\/wp\/v2\/media\/1163390"}],"wp:attachment":[{"href":"https:\/\/streetmarkets.fr\/app\/wp-json\/wp\/v2\/media?parent=1163389"}],"wp:term":[{"taxonomy":"product_brand","embeddable":true,"href":"https:\/\/streetmarkets.fr\/app\/wp-json\/wp\/v2\/product_brand?post=1163389"},{"taxonomy":"product_cat","embeddable":true,"href":"https:\/\/streetmarkets.fr\/app\/wp-json\/wp\/v2\/product_cat?post=1163389"},{"taxonomy":"product_tag","embeddable":true,"href":"https:\/\/streetmarkets.fr\/app\/wp-json\/wp\/v2\/product_tag?post=1163389"}],"curies":[{"name":"wp","href":"https:\/\/api.w.org\/{rel}","templated":true}]}}