{"id":1163088,"date":"2025-01-16T00:39:27","date_gmt":"2025-01-15T23:39:27","guid":{"rendered":"https:\/\/streetmarkets.fr\/app\/produit\/bottines-victoire-cuir-noir\/"},"modified":"2025-03-24T00:38:49","modified_gmt":"2025-03-23T23:38:49","slug":"bottines-victoire-cuir-noir","status":"publish","type":"product","link":"https:\/\/streetmarkets.fr\/app\/produit\/bottines-victoire-cuir-noir\/","title":{"rendered":"Bottines Victoire Cuir Noir"},"content":{"rendered":"<div class=\"the_excerpt\" data-mce-fragment=\"1\">\n<p data-mce-fragment=\"1\"><span>Les bottines Victoire apporteront une touche d&#8217;originalit\u00e9 \u00e0 vos tenues avec leur bout pointu et leur effet fronc\u00e9 sur le c\u00f4t\u00e9 !<\/span><\/p>\n<p data-mce-fragment=\"1\">Victoire se d\u00e9cline aussi en dor\u00e9.<\/p>\n<\/div>\n<div class=\"the_content\" data-mce-fragment=\"1\">\n<p data-mce-fragment=\"1\">\u2022 Talon : 4,2 cm<br data-mce-fragment=\"1\">\u2022 Boots enti\u00e8rement doubl\u00e9es cuir<br data-mce-fragment=\"1\">\u2022 Cuir provenant d\u2019Espagne et d\u2019Italie<br data-mce-fragment=\"1\">\u2022 Fabrication artisanale au Portugal<\/p>\n<\/div>\n","protected":false},"excerpt":{"rendered":"<p>Les bottines Victoire apporteront une touche d&#8217;originalit\u00e9 \u00e0 vos tenues avec leur bout pointu et leur effet fronc\u00e9 sur le c\u00f4t\u00e9 ! Victoire se d\u00e9cline aussi en dor\u00e9. \u2022 Talon : 4,2 cm\u2022 Boots enti\u00e8rement doubl\u00e9es cuir\u2022 Cuir provenant d\u2019Espagne et d\u2019Italie\u2022 Fabrication artisanale au Portugal<\/p>\n","protected":false},"featured_media":1163089,"comment_status":"open","ping_status":"closed","template":"","meta":[],"product_brand":[],"product_cat":[1756,1763],"product_tag":[1810],"acf":[],"_links":{"self":[{"href":"https:\/\/streetmarkets.fr\/app\/wp-json\/wp\/v2\/product\/1163088"}],"collection":[{"href":"https:\/\/streetmarkets.fr\/app\/wp-json\/wp\/v2\/product"}],"about":[{"href":"https:\/\/streetmarkets.fr\/app\/wp-json\/wp\/v2\/types\/product"}],"replies":[{"embeddable":true,"href":"https:\/\/streetmarkets.fr\/app\/wp-json\/wp\/v2\/comments?post=1163088"}],"wp:featuredmedia":[{"embeddable":true,"href":"https:\/\/streetmarkets.fr\/app\/wp-json\/wp\/v2\/media\/1163089"}],"wp:attachment":[{"href":"https:\/\/streetmarkets.fr\/app\/wp-json\/wp\/v2\/media?parent=1163088"}],"wp:term":[{"taxonomy":"product_brand","embeddable":true,"href":"https:\/\/streetmarkets.fr\/app\/wp-json\/wp\/v2\/product_brand?post=1163088"},{"taxonomy":"product_cat","embeddable":true,"href":"https:\/\/streetmarkets.fr\/app\/wp-json\/wp\/v2\/product_cat?post=1163088"},{"taxonomy":"product_tag","embeddable":true,"href":"https:\/\/streetmarkets.fr\/app\/wp-json\/wp\/v2\/product_tag?post=1163088"}],"curies":[{"name":"wp","href":"https:\/\/api.w.org\/{rel}","templated":true}]}}