{"id":1163068,"date":"2025-01-16T00:39:23","date_gmt":"2025-01-15T23:39:23","guid":{"rendered":"https:\/\/streetmarkets.fr\/app\/produit\/bottines-cecilia-cognac\/"},"modified":"2025-03-24T00:38:49","modified_gmt":"2025-03-23T23:38:49","slug":"bottines-cecilia-cognac","status":"publish","type":"product","link":"https:\/\/streetmarkets.fr\/app\/produit\/bottines-cecilia-cognac\/","title":{"rendered":"Bottines Cecilia Cognac"},"content":{"rendered":"<div class=\"the_excerpt\" data-mce-fragment=\"1\">\n<p data-mce-fragment=\"1\">Avec C\u00e9cilia, optez pour un style classique et \u00e9l\u00e9gant.<br data-mce-fragment=\"1\">Elle sublimera toutes vos tenues \u00e0 l\u2019aide de son effet velours !<\/p>\n<\/div>\n<div class=\"the_content\" data-mce-fragment=\"1\">\n<p data-mce-fragment=\"1\">\u2022 Forme ovale<br data-mce-fragment=\"1\">\u2022 Talon : 5,5 cm<br data-mce-fragment=\"1\">\u2022 Bottines enti\u00e8rement doubl\u00e9es cuir<br data-mce-fragment=\"1\">\u2022 Cuir provenant d\u2019Espagne et d\u2019Italie<br data-mce-fragment=\"1\">\u2022 Fabrication artisanale au Portugal<\/p>\n<p data-mce-fragment=\"1\"><strong>Composition :\u00a0<\/strong><\/p>\n<p data-mce-fragment=\"1\"><span>Dessus : 100% cuir<\/span><br \/><span>Doublure : 100% cuir (tannage v\u00e9g\u00e9tal)<\/span><br \/><span>Semelle int\u00e9rieure : 100% cuir (tannage v\u00e9g\u00e9tal)<\/span><br \/><span>Semelle ext\u00e9rieure : \u00e9lastom\u00e8re<\/span><\/p>\n<\/div>\n","protected":false},"excerpt":{"rendered":"<p>Avec C\u00e9cilia, optez pour un style classique et \u00e9l\u00e9gant.Elle sublimera toutes vos tenues \u00e0 l\u2019aide de son effet velours ! \u2022 Forme ovale\u2022 Talon : 5,5 cm\u2022 Bottines enti\u00e8rement doubl\u00e9es cuir\u2022 Cuir provenant d\u2019Espagne et d\u2019Italie\u2022 Fabrication artisanale au Portugal Composition :\u00a0 Dessus : 100% cuirDoublure : 100% cuir (tannage v\u00e9g\u00e9tal)Semelle int\u00e9rieure : 100% cuir [&hellip;]<\/p>\n","protected":false},"featured_media":1163069,"comment_status":"open","ping_status":"closed","template":"","meta":[],"product_brand":[],"product_cat":[1756,1763],"product_tag":[1810],"acf":[],"_links":{"self":[{"href":"https:\/\/streetmarkets.fr\/app\/wp-json\/wp\/v2\/product\/1163068"}],"collection":[{"href":"https:\/\/streetmarkets.fr\/app\/wp-json\/wp\/v2\/product"}],"about":[{"href":"https:\/\/streetmarkets.fr\/app\/wp-json\/wp\/v2\/types\/product"}],"replies":[{"embeddable":true,"href":"https:\/\/streetmarkets.fr\/app\/wp-json\/wp\/v2\/comments?post=1163068"}],"wp:featuredmedia":[{"embeddable":true,"href":"https:\/\/streetmarkets.fr\/app\/wp-json\/wp\/v2\/media\/1163069"}],"wp:attachment":[{"href":"https:\/\/streetmarkets.fr\/app\/wp-json\/wp\/v2\/media?parent=1163068"}],"wp:term":[{"taxonomy":"product_brand","embeddable":true,"href":"https:\/\/streetmarkets.fr\/app\/wp-json\/wp\/v2\/product_brand?post=1163068"},{"taxonomy":"product_cat","embeddable":true,"href":"https:\/\/streetmarkets.fr\/app\/wp-json\/wp\/v2\/product_cat?post=1163068"},{"taxonomy":"product_tag","embeddable":true,"href":"https:\/\/streetmarkets.fr\/app\/wp-json\/wp\/v2\/product_tag?post=1163068"}],"curies":[{"name":"wp","href":"https:\/\/api.w.org\/{rel}","templated":true}]}}