{"id":1163057,"date":"2025-01-16T00:39:06","date_gmt":"2025-01-15T23:39:06","guid":{"rendered":"https:\/\/streetmarkets.fr\/app\/produit\/bottines-jady-camel\/"},"modified":"2025-03-24T00:38:49","modified_gmt":"2025-03-23T23:38:49","slug":"bottines-jady-camel","status":"publish","type":"product","link":"https:\/\/streetmarkets.fr\/app\/produit\/bottines-jady-camel\/","title":{"rendered":"Bottines Jady Camel"},"content":{"rendered":"<div class=\"the_excerpt\" data-mce-fragment=\"1\">\n<p data-mce-fragment=\"1\">Toute v\u00eatue de cuir, et de semelles crant\u00e9es, vous succomberez \u00e0 son look rock et moderne.<br data-mce-fragment=\"1\">Voici un mod\u00e8le pour rester tendance et confortable !<\/p>\n<\/div>\n<div class=\"the_content\" data-mce-fragment=\"1\">\n<p data-mce-fragment=\"1\">\u2022 Bijou dor\u00e9 \u00e0 l\u2019arri\u00e8re de la chaussure<br data-mce-fragment=\"1\">\u2022 Talon : 2,5 cm<br data-mce-fragment=\"1\">\u2022 Semelle crant\u00e9e en \u00e9lastom\u00e8re<br data-mce-fragment=\"1\">\u2022 Cuir provenant d\u2019Espagne et d\u2019Italie<br data-mce-fragment=\"1\">\u2022 Fabrication artisanale au Portugal<\/p>\n<p data-mce-fragment=\"1\"><strong>Composition :\u00a0<\/strong><\/p>\n<p data-mce-fragment=\"1\"><span>Dessus : 100% cuir<\/span><br \/><span>Doublure : 100% cuir en tannage v\u00e9g\u00e9tal<\/span><br \/><span>Semelle int\u00e9rieure : 100% cuir<\/span><br \/><span>Semelle ext\u00e9rieure : \u00e9lastom\u00e8re<\/span><\/p>\n<\/div>\n","protected":false},"excerpt":{"rendered":"<p>Toute v\u00eatue de cuir, et de semelles crant\u00e9es, vous succomberez \u00e0 son look rock et moderne.Voici un mod\u00e8le pour rester tendance et confortable ! \u2022 Bijou dor\u00e9 \u00e0 l\u2019arri\u00e8re de la chaussure\u2022 Talon : 2,5 cm\u2022 Semelle crant\u00e9e en \u00e9lastom\u00e8re\u2022 Cuir provenant d\u2019Espagne et d\u2019Italie\u2022 Fabrication artisanale au Portugal Composition :\u00a0 Dessus : 100% cuirDoublure [&hellip;]<\/p>\n","protected":false},"featured_media":1163058,"comment_status":"open","ping_status":"closed","template":"","meta":[],"product_brand":[],"product_cat":[1756,1763],"product_tag":[1810],"acf":[],"_links":{"self":[{"href":"https:\/\/streetmarkets.fr\/app\/wp-json\/wp\/v2\/product\/1163057"}],"collection":[{"href":"https:\/\/streetmarkets.fr\/app\/wp-json\/wp\/v2\/product"}],"about":[{"href":"https:\/\/streetmarkets.fr\/app\/wp-json\/wp\/v2\/types\/product"}],"replies":[{"embeddable":true,"href":"https:\/\/streetmarkets.fr\/app\/wp-json\/wp\/v2\/comments?post=1163057"}],"wp:featuredmedia":[{"embeddable":true,"href":"https:\/\/streetmarkets.fr\/app\/wp-json\/wp\/v2\/media\/1163058"}],"wp:attachment":[{"href":"https:\/\/streetmarkets.fr\/app\/wp-json\/wp\/v2\/media?parent=1163057"}],"wp:term":[{"taxonomy":"product_brand","embeddable":true,"href":"https:\/\/streetmarkets.fr\/app\/wp-json\/wp\/v2\/product_brand?post=1163057"},{"taxonomy":"product_cat","embeddable":true,"href":"https:\/\/streetmarkets.fr\/app\/wp-json\/wp\/v2\/product_cat?post=1163057"},{"taxonomy":"product_tag","embeddable":true,"href":"https:\/\/streetmarkets.fr\/app\/wp-json\/wp\/v2\/product_tag?post=1163057"}],"curies":[{"name":"wp","href":"https:\/\/api.w.org\/{rel}","templated":true}]}}