{"id":1157604,"date":"2025-01-15T01:07:37","date_gmt":"2025-01-15T00:07:37","guid":{"rendered":"https:\/\/streetmarkets.fr\/app\/produit\/nouveau-xirena-pantalon-devon-purple-orchid-precommande\/"},"modified":"2026-04-25T02:00:40","modified_gmt":"2026-04-25T00:00:40","slug":"nouveau-xirena-pantalon-devon-purple-orchid-precommande","status":"publish","type":"product","link":"https:\/\/streetmarkets.fr\/app\/produit\/nouveau-xirena-pantalon-devon-purple-orchid-precommande\/","title":{"rendered":"XIRENA Pantalon Devon Purple Orchid -60%"},"content":{"rendered":"<p data-rte-preserve-empty=\"true\">Pantalon en coton, coupe ample et floue, \u00e9lastique \u00e0 la taille avec un lien coulissant, deux poches lat\u00e9rales. \u00c9galement disponible dans la couleur Dark Seagrass.<\/p>\n<p data-rte-preserve-empty=\"true\">D\u00e9tail : 100% coton<\/p>\n","protected":false},"excerpt":{"rendered":"<p>Pantalon en coton, coupe ample et floue, \u00e9lastique \u00e0 la taille avec un lien coulissant, deux poches lat\u00e9rales. \u00c9galement disponible dans la couleur Dark Seagrass. D\u00e9tail : 100% coton<\/p>\n","protected":false},"featured_media":1157605,"comment_status":"open","ping_status":"closed","template":"","meta":[],"product_brand":[],"product_cat":[1756,1762],"product_tag":[2244],"acf":[],"_links":{"self":[{"href":"https:\/\/streetmarkets.fr\/app\/wp-json\/wp\/v2\/product\/1157604"}],"collection":[{"href":"https:\/\/streetmarkets.fr\/app\/wp-json\/wp\/v2\/product"}],"about":[{"href":"https:\/\/streetmarkets.fr\/app\/wp-json\/wp\/v2\/types\/product"}],"replies":[{"embeddable":true,"href":"https:\/\/streetmarkets.fr\/app\/wp-json\/wp\/v2\/comments?post=1157604"}],"wp:featuredmedia":[{"embeddable":true,"href":"https:\/\/streetmarkets.fr\/app\/wp-json\/wp\/v2\/media\/1157605"}],"wp:attachment":[{"href":"https:\/\/streetmarkets.fr\/app\/wp-json\/wp\/v2\/media?parent=1157604"}],"wp:term":[{"taxonomy":"product_brand","embeddable":true,"href":"https:\/\/streetmarkets.fr\/app\/wp-json\/wp\/v2\/product_brand?post=1157604"},{"taxonomy":"product_cat","embeddable":true,"href":"https:\/\/streetmarkets.fr\/app\/wp-json\/wp\/v2\/product_cat?post=1157604"},{"taxonomy":"product_tag","embeddable":true,"href":"https:\/\/streetmarkets.fr\/app\/wp-json\/wp\/v2\/product_tag?post=1157604"}],"curies":[{"name":"wp","href":"https:\/\/api.w.org\/{rel}","templated":true}]}}