{"id":1157590,"date":"2025-01-15T01:07:35","date_gmt":"2025-01-15T00:07:35","guid":{"rendered":"https:\/\/streetmarkets.fr\/app\/produit\/nouveau-xirena-top-brandi-white-orchid-precommande\/"},"modified":"2026-05-09T02:00:40","modified_gmt":"2026-05-09T00:00:40","slug":"nouveau-xirena-top-brandi-white-orchid-precommande","status":"publish","type":"product","link":"https:\/\/streetmarkets.fr\/app\/produit\/nouveau-xirena-top-brandi-white-orchid-precommande\/","title":{"rendered":"XIRENA Top Brandi Purple Orchid -30%"},"content":{"rendered":"<p data-rte-preserve-empty=\"true\">Top en coton coupe ample, encolure arrondie devant et dos, bretelles joliment torsad\u00e9es, \u00e9galement disponible dans la couleur White.<\/p>\n<p data-rte-preserve-empty=\"true\">\n<p data-rte-preserve-empty=\"true\">D\u00e9tail : 100% coton<\/p>\n","protected":false},"excerpt":{"rendered":"<p>Top en coton coupe ample, encolure arrondie devant et dos, bretelles joliment torsad\u00e9es, \u00e9galement disponible dans la couleur White. D\u00e9tail : 100% coton<\/p>\n","protected":false},"featured_media":1157591,"comment_status":"open","ping_status":"closed","template":"","meta":[],"product_brand":[],"product_cat":[1756,1762],"product_tag":[2244],"acf":[],"_links":{"self":[{"href":"https:\/\/streetmarkets.fr\/app\/wp-json\/wp\/v2\/product\/1157590"}],"collection":[{"href":"https:\/\/streetmarkets.fr\/app\/wp-json\/wp\/v2\/product"}],"about":[{"href":"https:\/\/streetmarkets.fr\/app\/wp-json\/wp\/v2\/types\/product"}],"replies":[{"embeddable":true,"href":"https:\/\/streetmarkets.fr\/app\/wp-json\/wp\/v2\/comments?post=1157590"}],"wp:featuredmedia":[{"embeddable":true,"href":"https:\/\/streetmarkets.fr\/app\/wp-json\/wp\/v2\/media\/1157591"}],"wp:attachment":[{"href":"https:\/\/streetmarkets.fr\/app\/wp-json\/wp\/v2\/media?parent=1157590"}],"wp:term":[{"taxonomy":"product_brand","embeddable":true,"href":"https:\/\/streetmarkets.fr\/app\/wp-json\/wp\/v2\/product_brand?post=1157590"},{"taxonomy":"product_cat","embeddable":true,"href":"https:\/\/streetmarkets.fr\/app\/wp-json\/wp\/v2\/product_cat?post=1157590"},{"taxonomy":"product_tag","embeddable":true,"href":"https:\/\/streetmarkets.fr\/app\/wp-json\/wp\/v2\/product_tag?post=1157590"}],"curies":[{"name":"wp","href":"https:\/\/api.w.org\/{rel}","templated":true}]}}