{"id":1157571,"date":"2025-01-15T01:07:32","date_gmt":"2025-01-15T00:07:32","guid":{"rendered":"https:\/\/streetmarkets.fr\/app\/produit\/nouveau-xirena-chemise-beau-rose-pale-precommande\/"},"modified":"2025-07-30T02:05:51","modified_gmt":"2025-07-30T00:05:51","slug":"nouveau-xirena-chemise-beau-rose-pale-precommande","status":"publish","type":"product","link":"https:\/\/streetmarkets.fr\/app\/produit\/nouveau-xirena-chemise-beau-rose-pale-precommande\/","title":{"rendered":"Nouveau ! XIRENA Chemise Beau Rose Pale ARTICLE POINT ROUGE !"},"content":{"rendered":"<p data-rte-preserve-empty=\"true\"><u>ARTICLE POINT ROUGE, LES TAILLES SONT DISPONIBLES EN BOUTIQUE ET SERONT \u00c0 NOUVEAU DISPONIBLES EN LIGNE APR\u00c8S LES VENTES PRIV\u00c9ES.<\/u><\/p>\n<p data-rte-preserve-empty=\"true\">\n<p data-rte-preserve-empty=\"true\">Chemise en coton coupe ample et droite, manches longues, poignets resserr\u00e9s, dans un rose floral tr\u00e8s doux et lumineux, l\u00e9g\u00e8re et confortable. \u00c9galement disponible dans d&#8217;autres couleurs.<\/p>\n<p data-rte-preserve-empty=\"true\">\n<p data-rte-preserve-empty=\"true\">D\u00e9tail : 100% coton<\/p>\n","protected":false},"excerpt":{"rendered":"<p>ARTICLE POINT ROUGE, LES TAILLES SONT DISPONIBLES EN BOUTIQUE ET SERONT \u00c0 NOUVEAU DISPONIBLES EN LIGNE APR\u00c8S LES VENTES PRIV\u00c9ES. Chemise en coton coupe ample et droite, manches longues, poignets resserr\u00e9s, dans un rose floral tr\u00e8s doux et lumineux, l\u00e9g\u00e8re et confortable. \u00c9galement disponible dans d&#8217;autres couleurs. D\u00e9tail : 100% coton<\/p>\n","protected":false},"featured_media":1157572,"comment_status":"open","ping_status":"closed","template":"","meta":[],"product_brand":[],"product_cat":[1756,1762],"product_tag":[2244],"acf":[],"_links":{"self":[{"href":"https:\/\/streetmarkets.fr\/app\/wp-json\/wp\/v2\/product\/1157571"}],"collection":[{"href":"https:\/\/streetmarkets.fr\/app\/wp-json\/wp\/v2\/product"}],"about":[{"href":"https:\/\/streetmarkets.fr\/app\/wp-json\/wp\/v2\/types\/product"}],"replies":[{"embeddable":true,"href":"https:\/\/streetmarkets.fr\/app\/wp-json\/wp\/v2\/comments?post=1157571"}],"wp:featuredmedia":[{"embeddable":true,"href":"https:\/\/streetmarkets.fr\/app\/wp-json\/wp\/v2\/media\/1157572"}],"wp:attachment":[{"href":"https:\/\/streetmarkets.fr\/app\/wp-json\/wp\/v2\/media?parent=1157571"}],"wp:term":[{"taxonomy":"product_brand","embeddable":true,"href":"https:\/\/streetmarkets.fr\/app\/wp-json\/wp\/v2\/product_brand?post=1157571"},{"taxonomy":"product_cat","embeddable":true,"href":"https:\/\/streetmarkets.fr\/app\/wp-json\/wp\/v2\/product_cat?post=1157571"},{"taxonomy":"product_tag","embeddable":true,"href":"https:\/\/streetmarkets.fr\/app\/wp-json\/wp\/v2\/product_tag?post=1157571"}],"curies":[{"name":"wp","href":"https:\/\/api.w.org\/{rel}","templated":true}]}}