{"id":1157562,"date":"2025-01-15T01:07:30","date_gmt":"2025-01-15T00:07:30","guid":{"rendered":"https:\/\/streetmarkets.fr\/app\/produit\/nouveau-xirena-pantalon-montana-coconut-precommande\/"},"modified":"2026-05-11T02:00:31","modified_gmt":"2026-05-11T00:00:31","slug":"nouveau-xirena-pantalon-montana-coconut-precommande","status":"publish","type":"product","link":"https:\/\/streetmarkets.fr\/app\/produit\/nouveau-xirena-pantalon-montana-coconut-precommande\/","title":{"rendered":"XIRENA Pantalon Montana Coconut -50%"},"content":{"rendered":"<p data-rte-preserve-empty=\"true\">Pantalon floue en coton et soie \u00e0 motif floral, coupe ample et droite, \u00e9lastique \u00e0 la taille avec un lien coulissant, deux poches lat\u00e9rales, petits volants dans le bas, doubl\u00e9.<\/p>\n<p data-rte-preserve-empty=\"true\">Peut \u00eatre coordonn\u00e9 avec la blouse Noah du m\u00eame th\u00e8me.<\/p>\n<p data-rte-preserve-empty=\"true\">D\u00e9tail : 70% coton, 30% soie<\/p>\n","protected":false},"excerpt":{"rendered":"<p>Pantalon floue en coton et soie \u00e0 motif floral, coupe ample et droite, \u00e9lastique \u00e0 la taille avec un lien coulissant, deux poches lat\u00e9rales, petits volants dans le bas, doubl\u00e9. Peut \u00eatre coordonn\u00e9 avec la blouse Noah du m\u00eame th\u00e8me. D\u00e9tail : 70% coton, 30% soie<\/p>\n","protected":false},"featured_media":1157563,"comment_status":"open","ping_status":"closed","template":"","meta":[],"product_brand":[],"product_cat":[1756,1762],"product_tag":[2244],"acf":[],"_links":{"self":[{"href":"https:\/\/streetmarkets.fr\/app\/wp-json\/wp\/v2\/product\/1157562"}],"collection":[{"href":"https:\/\/streetmarkets.fr\/app\/wp-json\/wp\/v2\/product"}],"about":[{"href":"https:\/\/streetmarkets.fr\/app\/wp-json\/wp\/v2\/types\/product"}],"replies":[{"embeddable":true,"href":"https:\/\/streetmarkets.fr\/app\/wp-json\/wp\/v2\/comments?post=1157562"}],"wp:featuredmedia":[{"embeddable":true,"href":"https:\/\/streetmarkets.fr\/app\/wp-json\/wp\/v2\/media\/1157563"}],"wp:attachment":[{"href":"https:\/\/streetmarkets.fr\/app\/wp-json\/wp\/v2\/media?parent=1157562"}],"wp:term":[{"taxonomy":"product_brand","embeddable":true,"href":"https:\/\/streetmarkets.fr\/app\/wp-json\/wp\/v2\/product_brand?post=1157562"},{"taxonomy":"product_cat","embeddable":true,"href":"https:\/\/streetmarkets.fr\/app\/wp-json\/wp\/v2\/product_cat?post=1157562"},{"taxonomy":"product_tag","embeddable":true,"href":"https:\/\/streetmarkets.fr\/app\/wp-json\/wp\/v2\/product_tag?post=1157562"}],"curies":[{"name":"wp","href":"https:\/\/api.w.org\/{rel}","templated":true}]}}