{"id":1157556,"date":"2025-01-15T01:07:29","date_gmt":"2025-01-15T00:07:29","guid":{"rendered":"https:\/\/streetmarkets.fr\/app\/produit\/nouveau-xirena-blouse-noah-coconut-precommande\/"},"modified":"2025-09-17T02:07:14","modified_gmt":"2025-09-17T00:07:14","slug":"nouveau-xirena-blouse-noah-coconut-precommande","status":"publish","type":"product","link":"https:\/\/streetmarkets.fr\/app\/produit\/nouveau-xirena-blouse-noah-coconut-precommande\/","title":{"rendered":"XIRENA Blouse Noah Coconut -50%"},"content":{"rendered":"<p data-rte-preserve-empty=\"true\">Blouse en coton et soie \u00e0 motif floral, coupe ample et droite, sans manche, volants et fronces aux \u00e9paules, boutonn\u00e9e sur toute la hauteur devant.<\/p>\n<p data-rte-preserve-empty=\"true\">Peut \u00eatre coordonn\u00e9e avec le pantalon Montana du m\u00eame th\u00e8me.<\/p>\n<p data-rte-preserve-empty=\"true\">D\u00e9tail : 70% coton, 30% soie<\/p>\n","protected":false},"excerpt":{"rendered":"<p>Blouse en coton et soie \u00e0 motif floral, coupe ample et droite, sans manche, volants et fronces aux \u00e9paules, boutonn\u00e9e sur toute la hauteur devant. Peut \u00eatre coordonn\u00e9e avec le pantalon Montana du m\u00eame th\u00e8me. D\u00e9tail : 70% coton, 30% soie<\/p>\n","protected":false},"featured_media":1157557,"comment_status":"open","ping_status":"closed","template":"","meta":[],"product_brand":[],"product_cat":[1756,1762],"product_tag":[2244],"acf":[],"_links":{"self":[{"href":"https:\/\/streetmarkets.fr\/app\/wp-json\/wp\/v2\/product\/1157556"}],"collection":[{"href":"https:\/\/streetmarkets.fr\/app\/wp-json\/wp\/v2\/product"}],"about":[{"href":"https:\/\/streetmarkets.fr\/app\/wp-json\/wp\/v2\/types\/product"}],"replies":[{"embeddable":true,"href":"https:\/\/streetmarkets.fr\/app\/wp-json\/wp\/v2\/comments?post=1157556"}],"wp:featuredmedia":[{"embeddable":true,"href":"https:\/\/streetmarkets.fr\/app\/wp-json\/wp\/v2\/media\/1157557"}],"wp:attachment":[{"href":"https:\/\/streetmarkets.fr\/app\/wp-json\/wp\/v2\/media?parent=1157556"}],"wp:term":[{"taxonomy":"product_brand","embeddable":true,"href":"https:\/\/streetmarkets.fr\/app\/wp-json\/wp\/v2\/product_brand?post=1157556"},{"taxonomy":"product_cat","embeddable":true,"href":"https:\/\/streetmarkets.fr\/app\/wp-json\/wp\/v2\/product_cat?post=1157556"},{"taxonomy":"product_tag","embeddable":true,"href":"https:\/\/streetmarkets.fr\/app\/wp-json\/wp\/v2\/product_tag?post=1157556"}],"curies":[{"name":"wp","href":"https:\/\/api.w.org\/{rel}","templated":true}]}}