{"id":1146319,"date":"2025-01-12T07:41:53","date_gmt":"2025-01-12T06:41:53","guid":{"rendered":"https:\/\/streetmarkets.fr\/app\/produit\/pantalon-enca-rose-laurence-bras\/"},"modified":"2026-04-26T08:38:17","modified_gmt":"2026-04-26T06:38:17","slug":"pantalon-enca-rose-laurence-bras","status":"publish","type":"product","link":"https:\/\/streetmarkets.fr\/app\/produit\/pantalon-enca-rose-laurence-bras\/","title":{"rendered":"Pantalon Enca rose &#8211; Laurence Bras"},"content":{"rendered":"<p data-mce-fragment=\"1\">\u00a0Pantalon en velours l\u00e9ger c\u00f4tel\u00e9 bi-colore rose et blanc<br data-mce-fragment=\"1\"><\/p>\n<p data-mce-fragment=\"1\">Taille haute avec ceinture avec passants et poches lat\u00e9rales<\/p>\n<p data-mce-fragment=\"1\">Fermeture zip et bouton sous-patte<\/p>\n<p data-mce-fragment=\"1\">taille : ce mod\u00e8le taille GRAND , prendre au moins une taille de moins que sa taille habituelle.\u00a0<\/p>\n","protected":false},"excerpt":{"rendered":"<p>\u00a0Pantalon en velours l\u00e9ger c\u00f4tel\u00e9 bi-colore rose et blanc Taille haute avec ceinture avec passants et poches lat\u00e9rales Fermeture zip et bouton sous-patte taille : ce mod\u00e8le taille GRAND , prendre au moins une taille de moins que sa taille habituelle.\u00a0<\/p>\n","protected":false},"featured_media":1146320,"comment_status":"open","ping_status":"closed","template":"","meta":[],"product_brand":[],"product_cat":[1756,1762],"product_tag":[2244],"acf":[],"_links":{"self":[{"href":"https:\/\/streetmarkets.fr\/app\/wp-json\/wp\/v2\/product\/1146319"}],"collection":[{"href":"https:\/\/streetmarkets.fr\/app\/wp-json\/wp\/v2\/product"}],"about":[{"href":"https:\/\/streetmarkets.fr\/app\/wp-json\/wp\/v2\/types\/product"}],"replies":[{"embeddable":true,"href":"https:\/\/streetmarkets.fr\/app\/wp-json\/wp\/v2\/comments?post=1146319"}],"wp:featuredmedia":[{"embeddable":true,"href":"https:\/\/streetmarkets.fr\/app\/wp-json\/wp\/v2\/media\/1146320"}],"wp:attachment":[{"href":"https:\/\/streetmarkets.fr\/app\/wp-json\/wp\/v2\/media?parent=1146319"}],"wp:term":[{"taxonomy":"product_brand","embeddable":true,"href":"https:\/\/streetmarkets.fr\/app\/wp-json\/wp\/v2\/product_brand?post=1146319"},{"taxonomy":"product_cat","embeddable":true,"href":"https:\/\/streetmarkets.fr\/app\/wp-json\/wp\/v2\/product_cat?post=1146319"},{"taxonomy":"product_tag","embeddable":true,"href":"https:\/\/streetmarkets.fr\/app\/wp-json\/wp\/v2\/product_tag?post=1146319"}],"curies":[{"name":"wp","href":"https:\/\/api.w.org\/{rel}","templated":true}]}}