{"id":1122233,"date":"2025-01-09T01:28:53","date_gmt":"2025-01-09T00:28:53","guid":{"rendered":"https:\/\/streetmarkets.fr\/app\/produit\/robe-faustina-peacok\/"},"modified":"2025-01-28T01:01:35","modified_gmt":"2025-01-28T00:01:35","slug":"robe-faustina-peacok","status":"publish","type":"product","link":"https:\/\/streetmarkets.fr\/app\/produit\/robe-faustina-peacok\/","title":{"rendered":"robe FAUSTINA peacok"},"content":{"rendered":"<p>\u00e9l\u00e9gante robe longue r\u00e9solument f\u00e9minine que l&#8217;on pourra porter aussi bien \u00e0 plat qu&#8217;en talons<\/p>\n<\/p>\n<p>. d\u00e9tails : coupe ajust\u00e9e . encolure V . fines bretelles . dos nu . fente c\u00f4t\u00e9 gauche . taille ceintur\u00e9e pour un effet blousant du top. empi\u00e8cement \u00e9lastique au dos pour un joli drap\u00e9\u00a0<\/p>\n<p>. composition : 100 % rayonne<\/p>\n<p>. longueur : 136 cm<\/p>\n<p>. conseils d&#8217;entretien : lavage d\u00e9licat avec couleur similaire \u00e0 froid . repassage fer doux<\/p>\n","protected":false},"excerpt":{"rendered":"<p>\u00e9l\u00e9gante robe longue r\u00e9solument f\u00e9minine que l&#8217;on pourra porter aussi bien \u00e0 plat qu&#8217;en talons . d\u00e9tails : coupe ajust\u00e9e . encolure V . fines bretelles . dos nu . fente c\u00f4t\u00e9 gauche . taille ceintur\u00e9e pour un effet blousant du top. empi\u00e8cement \u00e9lastique au dos pour un joli drap\u00e9\u00a0 . composition : 100 % [&hellip;]<\/p>\n","protected":false},"featured_media":1122234,"comment_status":"open","ping_status":"closed","template":"","meta":[],"product_brand":[],"product_cat":[1756,1762],"product_tag":[2244,1811],"acf":[],"_links":{"self":[{"href":"https:\/\/streetmarkets.fr\/app\/wp-json\/wp\/v2\/product\/1122233"}],"collection":[{"href":"https:\/\/streetmarkets.fr\/app\/wp-json\/wp\/v2\/product"}],"about":[{"href":"https:\/\/streetmarkets.fr\/app\/wp-json\/wp\/v2\/types\/product"}],"replies":[{"embeddable":true,"href":"https:\/\/streetmarkets.fr\/app\/wp-json\/wp\/v2\/comments?post=1122233"}],"wp:featuredmedia":[{"embeddable":true,"href":"https:\/\/streetmarkets.fr\/app\/wp-json\/wp\/v2\/media\/1122234"}],"wp:attachment":[{"href":"https:\/\/streetmarkets.fr\/app\/wp-json\/wp\/v2\/media?parent=1122233"}],"wp:term":[{"taxonomy":"product_brand","embeddable":true,"href":"https:\/\/streetmarkets.fr\/app\/wp-json\/wp\/v2\/product_brand?post=1122233"},{"taxonomy":"product_cat","embeddable":true,"href":"https:\/\/streetmarkets.fr\/app\/wp-json\/wp\/v2\/product_cat?post=1122233"},{"taxonomy":"product_tag","embeddable":true,"href":"https:\/\/streetmarkets.fr\/app\/wp-json\/wp\/v2\/product_tag?post=1122233"}],"curies":[{"name":"wp","href":"https:\/\/api.w.org\/{rel}","templated":true}]}}