{"id":1122226,"date":"2025-01-09T01:28:14","date_gmt":"2025-01-09T00:28:14","guid":{"rendered":"https:\/\/streetmarkets.fr\/app\/produit\/robe-agatta-rosella\/"},"modified":"2025-01-28T01:01:35","modified_gmt":"2025-01-28T00:01:35","slug":"robe-agatta-rosella","status":"publish","type":"product","link":"https:\/\/streetmarkets.fr\/app\/produit\/robe-agatta-rosella\/","title":{"rendered":"robe AGATTA rosella"},"content":{"rendered":"<p>tr\u00e8s belle robe longue \u00e9l\u00e9gante et fluide . \u00e0 porter pour une c\u00e9r\u00e9monie avec un simplement un bandeau ou au quotidien\u00a0avec un d\u00e9bardeur<\/p>\n<\/p>\n<p>. d\u00e9tails : robe longue . dos nu effet b\u00e9nitier . bretelles fines . encolure V . longueur chevilles\u00a0<\/p>\n<p>. composition : 100 % rayonne<\/p>\n<p>. conseils d&#8217;entretien : lavage 30\u00b0C maximum . programme d\u00e9licat . pas de s\u00e9chage en tambour . repassage \u00e0 temp\u00e9rature faible\u00a0<\/p>\n","protected":false},"excerpt":{"rendered":"<p>tr\u00e8s belle robe longue \u00e9l\u00e9gante et fluide . \u00e0 porter pour une c\u00e9r\u00e9monie avec un simplement un bandeau ou au quotidien\u00a0avec un d\u00e9bardeur . d\u00e9tails : robe longue . dos nu effet b\u00e9nitier . bretelles fines . encolure V . longueur chevilles\u00a0 . composition : 100 % rayonne . conseils d&#8217;entretien : lavage 30\u00b0C maximum [&hellip;]<\/p>\n","protected":false},"featured_media":1122227,"comment_status":"open","ping_status":"closed","template":"","meta":[],"product_brand":[],"product_cat":[1756,1762],"product_tag":[2244],"acf":[],"_links":{"self":[{"href":"https:\/\/streetmarkets.fr\/app\/wp-json\/wp\/v2\/product\/1122226"}],"collection":[{"href":"https:\/\/streetmarkets.fr\/app\/wp-json\/wp\/v2\/product"}],"about":[{"href":"https:\/\/streetmarkets.fr\/app\/wp-json\/wp\/v2\/types\/product"}],"replies":[{"embeddable":true,"href":"https:\/\/streetmarkets.fr\/app\/wp-json\/wp\/v2\/comments?post=1122226"}],"wp:featuredmedia":[{"embeddable":true,"href":"https:\/\/streetmarkets.fr\/app\/wp-json\/wp\/v2\/media\/1122227"}],"wp:attachment":[{"href":"https:\/\/streetmarkets.fr\/app\/wp-json\/wp\/v2\/media?parent=1122226"}],"wp:term":[{"taxonomy":"product_brand","embeddable":true,"href":"https:\/\/streetmarkets.fr\/app\/wp-json\/wp\/v2\/product_brand?post=1122226"},{"taxonomy":"product_cat","embeddable":true,"href":"https:\/\/streetmarkets.fr\/app\/wp-json\/wp\/v2\/product_cat?post=1122226"},{"taxonomy":"product_tag","embeddable":true,"href":"https:\/\/streetmarkets.fr\/app\/wp-json\/wp\/v2\/product_tag?post=1122226"}],"curies":[{"name":"wp","href":"https:\/\/api.w.org\/{rel}","templated":true}]}}