{"id":1122201,"date":"2025-01-09T01:28:13","date_gmt":"2025-01-09T00:28:13","guid":{"rendered":"https:\/\/streetmarkets.fr\/app\/produit\/robe-dola-night\/"},"modified":"2025-01-28T01:01:35","modified_gmt":"2025-01-28T00:01:35","slug":"robe-dola-night","status":"publish","type":"product","link":"https:\/\/streetmarkets.fr\/app\/produit\/robe-dola-night\/","title":{"rendered":"robe DOLA night"},"content":{"rendered":"<p>jolie robe confectionn\u00e9 dans un m\u00e9lange de coton tout doux<\/p>\n<\/p>\n<p>. d\u00e9tails : robe ajust\u00e9e . d\u00e9collet\u00e9 cache coeur . manches longues ajust\u00e9es . \u00e9lastique sous poitrine . ceinture tress\u00e9e amovible \u00e0 nouer<\/p>\n<p>. composition : 50 % coton . 50 % modal<\/p>\n<p>. longueur dos : 126 cm<\/p>\n<p>. conseils d&#8217;entretien : lavage 30\u00b0 en d\u00e9licat . repassage fer doux<\/p>\n","protected":false},"excerpt":{"rendered":"<p>jolie robe confectionn\u00e9 dans un m\u00e9lange de coton tout doux . d\u00e9tails : robe ajust\u00e9e . d\u00e9collet\u00e9 cache coeur . manches longues ajust\u00e9es . \u00e9lastique sous poitrine . ceinture tress\u00e9e amovible \u00e0 nouer . composition : 50 % coton . 50 % modal . longueur dos : 126 cm . conseils d&#8217;entretien : lavage 30\u00b0 [&hellip;]<\/p>\n","protected":false},"featured_media":1122202,"comment_status":"open","ping_status":"closed","template":"","meta":[],"product_brand":[],"product_cat":[1756,1762],"product_tag":[2244],"acf":[],"_links":{"self":[{"href":"https:\/\/streetmarkets.fr\/app\/wp-json\/wp\/v2\/product\/1122201"}],"collection":[{"href":"https:\/\/streetmarkets.fr\/app\/wp-json\/wp\/v2\/product"}],"about":[{"href":"https:\/\/streetmarkets.fr\/app\/wp-json\/wp\/v2\/types\/product"}],"replies":[{"embeddable":true,"href":"https:\/\/streetmarkets.fr\/app\/wp-json\/wp\/v2\/comments?post=1122201"}],"wp:featuredmedia":[{"embeddable":true,"href":"https:\/\/streetmarkets.fr\/app\/wp-json\/wp\/v2\/media\/1122202"}],"wp:attachment":[{"href":"https:\/\/streetmarkets.fr\/app\/wp-json\/wp\/v2\/media?parent=1122201"}],"wp:term":[{"taxonomy":"product_brand","embeddable":true,"href":"https:\/\/streetmarkets.fr\/app\/wp-json\/wp\/v2\/product_brand?post=1122201"},{"taxonomy":"product_cat","embeddable":true,"href":"https:\/\/streetmarkets.fr\/app\/wp-json\/wp\/v2\/product_cat?post=1122201"},{"taxonomy":"product_tag","embeddable":true,"href":"https:\/\/streetmarkets.fr\/app\/wp-json\/wp\/v2\/product_tag?post=1122201"}],"curies":[{"name":"wp","href":"https:\/\/api.w.org\/{rel}","templated":true}]}}