{"id":1122189,"date":"2025-01-09T01:28:12","date_gmt":"2025-01-09T00:28:12","guid":{"rendered":"https:\/\/streetmarkets.fr\/app\/produit\/combi-isaac-black\/"},"modified":"2025-01-28T01:01:35","modified_gmt":"2025-01-28T00:01:35","slug":"combi-isaac-black","status":"publish","type":"product","link":"https:\/\/streetmarkets.fr\/app\/produit\/combi-isaac-black\/","title":{"rendered":"combi ISAAC black"},"content":{"rendered":"<p>\u00e9l\u00e9gante combinaison tr\u00e8s comfy avec la touche sensuelle qui caract\u00e9rise la marque . \u00e0 porter en sandales ou en baskets selon le mood du jour<\/p>\n<\/p>\n<p>. d\u00e9tails : coupe blousante en haut . coupe large en bas longueur cheville . taille \u00e9lastiqu\u00e9e . d\u00e9collet\u00e9 en V devant . fines bretelles . dos nu quasi int\u00e9gral avec deux pans c\u00f4t\u00e9 loose\u00a0<\/p>\n<p>. composition : 90 % modal . 10 % spandex<\/p>\n<p>. mesures top : 50 cm . mesures bas :\u00a0 longueur fourche avant 28 cm . largeur bas 39 cm. longueur entrejambe 65 cm<\/p>\n<p>. conseils d&#8217;entretien : lavage 30\u00b0 en d\u00e9licat . ne pas mettre au s\u00e8che linge . repassage fer tr\u00e8s doux<\/p>\n","protected":false},"excerpt":{"rendered":"<p>\u00e9l\u00e9gante combinaison tr\u00e8s comfy avec la touche sensuelle qui caract\u00e9rise la marque . \u00e0 porter en sandales ou en baskets selon le mood du jour . d\u00e9tails : coupe blousante en haut . coupe large en bas longueur cheville . taille \u00e9lastiqu\u00e9e . d\u00e9collet\u00e9 en V devant . fines bretelles . dos nu quasi int\u00e9gral [&hellip;]<\/p>\n","protected":false},"featured_media":1122190,"comment_status":"open","ping_status":"closed","template":"","meta":[],"product_brand":[],"product_cat":[1756,1762],"product_tag":[2244],"acf":[],"_links":{"self":[{"href":"https:\/\/streetmarkets.fr\/app\/wp-json\/wp\/v2\/product\/1122189"}],"collection":[{"href":"https:\/\/streetmarkets.fr\/app\/wp-json\/wp\/v2\/product"}],"about":[{"href":"https:\/\/streetmarkets.fr\/app\/wp-json\/wp\/v2\/types\/product"}],"replies":[{"embeddable":true,"href":"https:\/\/streetmarkets.fr\/app\/wp-json\/wp\/v2\/comments?post=1122189"}],"wp:featuredmedia":[{"embeddable":true,"href":"https:\/\/streetmarkets.fr\/app\/wp-json\/wp\/v2\/media\/1122190"}],"wp:attachment":[{"href":"https:\/\/streetmarkets.fr\/app\/wp-json\/wp\/v2\/media?parent=1122189"}],"wp:term":[{"taxonomy":"product_brand","embeddable":true,"href":"https:\/\/streetmarkets.fr\/app\/wp-json\/wp\/v2\/product_brand?post=1122189"},{"taxonomy":"product_cat","embeddable":true,"href":"https:\/\/streetmarkets.fr\/app\/wp-json\/wp\/v2\/product_cat?post=1122189"},{"taxonomy":"product_tag","embeddable":true,"href":"https:\/\/streetmarkets.fr\/app\/wp-json\/wp\/v2\/product_tag?post=1122189"}],"curies":[{"name":"wp","href":"https:\/\/api.w.org\/{rel}","templated":true}]}}