{"id":1121850,"date":"2025-01-09T01:23:07","date_gmt":"2025-01-09T00:23:07","guid":{"rendered":"https:\/\/streetmarkets.fr\/app\/produit\/robe-courte-bustier-velours-crinkle-h24-femme-hot-red\/"},"modified":"2025-03-05T01:03:12","modified_gmt":"2025-03-05T00:03:12","slug":"robe-courte-bustier-velours-crinkle-h24-femme-hot-red","status":"publish","type":"product","link":"https:\/\/streetmarkets.fr\/app\/produit\/robe-courte-bustier-velours-crinkle-h24-femme-hot-red\/","title":{"rendered":"Robe Courte Bustier Velours Crinkle (H24 \/ FEMME \/ Hot Red)"},"content":{"rendered":"<p>Cette robe courte en velours craquel\u00e9 s\u2019illumine d\u2019un rouge intense pour enflammer toutes vos soir\u00e9es. Son bustier c\u0153ur audacieux, soulign\u00e9 par des bretelles fines, dessine une silhouette irr\u00e9sistible et affirm\u00e9e. Associez-la \u00e0 des escarpins et un sac assortis pour une tenue sophistiqu\u00e9e.<\/p>\n<p>&#8211; Robe courte en velours craquel\u00e9 Femme<br \/>\n<br \/>&#8211; Bustier c\u0153ur<br \/>\n<br \/>&#8211; Double bretelles fines<br \/>\n<br \/>&#8211; Plis<br \/>\n<br \/>&#8211; Coupe regular<\/p>\n","protected":false},"excerpt":{"rendered":"<p>Cette robe courte en velours craquel\u00e9 s\u2019illumine d\u2019un rouge intense pour enflammer toutes vos soir\u00e9es. Son bustier c\u0153ur audacieux, soulign\u00e9 par des bretelles fines, dessine une silhouette irr\u00e9sistible et affirm\u00e9e. Associez-la \u00e0 des escarpins et un sac assortis pour une tenue sophistiqu\u00e9e. &#8211; Robe courte en velours craquel\u00e9 Femme &#8211; Bustier c\u0153ur &#8211; Double bretelles [&hellip;]<\/p>\n","protected":false},"featured_media":1121851,"comment_status":"open","ping_status":"closed","template":"","meta":[],"product_brand":[6868],"product_cat":[1756,1762],"product_tag":[2244],"acf":[],"_links":{"self":[{"href":"https:\/\/streetmarkets.fr\/app\/wp-json\/wp\/v2\/product\/1121850"}],"collection":[{"href":"https:\/\/streetmarkets.fr\/app\/wp-json\/wp\/v2\/product"}],"about":[{"href":"https:\/\/streetmarkets.fr\/app\/wp-json\/wp\/v2\/types\/product"}],"replies":[{"embeddable":true,"href":"https:\/\/streetmarkets.fr\/app\/wp-json\/wp\/v2\/comments?post=1121850"}],"wp:featuredmedia":[{"embeddable":true,"href":"https:\/\/streetmarkets.fr\/app\/wp-json\/wp\/v2\/media\/1121851"}],"wp:attachment":[{"href":"https:\/\/streetmarkets.fr\/app\/wp-json\/wp\/v2\/media?parent=1121850"}],"wp:term":[{"taxonomy":"product_brand","embeddable":true,"href":"https:\/\/streetmarkets.fr\/app\/wp-json\/wp\/v2\/product_brand?post=1121850"},{"taxonomy":"product_cat","embeddable":true,"href":"https:\/\/streetmarkets.fr\/app\/wp-json\/wp\/v2\/product_cat?post=1121850"},{"taxonomy":"product_tag","embeddable":true,"href":"https:\/\/streetmarkets.fr\/app\/wp-json\/wp\/v2\/product_tag?post=1121850"}],"curies":[{"name":"wp","href":"https:\/\/api.w.org\/{rel}","templated":true}]}}