{"id":1121502,"date":"2025-01-09T00:14:58","date_gmt":"2025-01-08T23:14:58","guid":{"rendered":"https:\/\/streetmarkets.fr\/app\/produit\/pack-de-3-chaussettes-femme-petit-coeur-dore-marron\/"},"modified":"2025-11-24T00:16:19","modified_gmt":"2025-11-23T23:16:19","slug":"pack-de-3-chaussettes-femme-petit-coeur-dore-marron","status":"publish","type":"product","link":"https:\/\/streetmarkets.fr\/app\/produit\/pack-de-3-chaussettes-femme-petit-coeur-dore-marron\/","title":{"rendered":"Pack de 3 chaussettes femme : Petit coeur\/dor\u00e9\/marron"},"content":{"rendered":"<p>Un joli trio pens\u00e9 pour le quotidien: une paire \u00e0 motif petit c\u0153ur, une paire dor\u00e9e l\u00e9g\u00e8rement paillet\u00e9e et une paire marron facile \u00e0 assortir. Deux paires m\u00ealent laine et fibres douces pour une chaleur agr\u00e9able, la troisi\u00e8me est majoritairement en coton organique pour une sensation plus respirante. L\u2019\u00e9lasthanne apporte la juste dose de maintien, sans serrer. R\u00e9sultat: des chaussettes confortables, f\u00e9minines et pleines de personnalit\u00e9, \u00e0 glisser dans des baskets comme dans des bottines.<br \/>\nUn pack id\u00e9al pour varier les looks au fil de la semaine et une valeur s\u00fbre \u00e0 offrir: utile, jolie, avec cette petite touche lumineuse qui fait la diff\u00e9rence.<\/p>\n","protected":false},"excerpt":{"rendered":"<p>Un joli trio pens\u00e9 pour le quotidien: une paire \u00e0 motif petit c\u0153ur, une paire dor\u00e9e l\u00e9g\u00e8rement paillet\u00e9e et une paire marron facile \u00e0 assortir. Deux paires m\u00ealent laine et fibres douces pour une chaleur agr\u00e9able, la troisi\u00e8me est majoritairement en coton organique pour une sensation plus respirante. L\u2019\u00e9lasthanne apporte la juste dose de maintien, [&hellip;]<\/p>\n","protected":false},"featured_media":1121503,"comment_status":"open","ping_status":"closed","template":"","meta":[],"product_brand":[],"product_cat":[1756,1764],"product_tag":[1810],"acf":[],"_links":{"self":[{"href":"https:\/\/streetmarkets.fr\/app\/wp-json\/wp\/v2\/product\/1121502"}],"collection":[{"href":"https:\/\/streetmarkets.fr\/app\/wp-json\/wp\/v2\/product"}],"about":[{"href":"https:\/\/streetmarkets.fr\/app\/wp-json\/wp\/v2\/types\/product"}],"replies":[{"embeddable":true,"href":"https:\/\/streetmarkets.fr\/app\/wp-json\/wp\/v2\/comments?post=1121502"}],"wp:featuredmedia":[{"embeddable":true,"href":"https:\/\/streetmarkets.fr\/app\/wp-json\/wp\/v2\/media\/1121503"}],"wp:attachment":[{"href":"https:\/\/streetmarkets.fr\/app\/wp-json\/wp\/v2\/media?parent=1121502"}],"wp:term":[{"taxonomy":"product_brand","embeddable":true,"href":"https:\/\/streetmarkets.fr\/app\/wp-json\/wp\/v2\/product_brand?post=1121502"},{"taxonomy":"product_cat","embeddable":true,"href":"https:\/\/streetmarkets.fr\/app\/wp-json\/wp\/v2\/product_cat?post=1121502"},{"taxonomy":"product_tag","embeddable":true,"href":"https:\/\/streetmarkets.fr\/app\/wp-json\/wp\/v2\/product_tag?post=1121502"}],"curies":[{"name":"wp","href":"https:\/\/api.w.org\/{rel}","templated":true}]}}