{"id":1116146,"date":"2025-01-08T01:21:49","date_gmt":"2025-01-08T00:21:49","guid":{"rendered":"https:\/\/streetmarkets.fr\/app\/produit\/pull-col-roule-basique-h24-femme-gris-chine-fonce\/"},"modified":"2025-04-02T01:55:32","modified_gmt":"2025-04-01T23:55:32","slug":"pull-col-roule-basique-h24-femme-gris-chine-fonce","status":"publish","type":"product","link":"https:\/\/streetmarkets.fr\/app\/produit\/pull-col-roule-basique-h24-femme-gris-chine-fonce\/","title":{"rendered":"Pull Col Roul\u00e9 Basique (H24 \/ FEMME \/ Gris Chin\u00e9 Fonc\u00e9)"},"content":{"rendered":"<p><!--td {border: 1px solid #cccccc;}br {mso-data-placement:same-cell;}--><\/p>\n<p><span data-sheets-root=\"1\">Infiniment doux, ce pull ajust\u00e9 en cachemire s&#8217;impose comme un essentiel du vestiaire FROM FUTURE. Muni de bords c\u00f4tel\u00e9s, de manches longues et d&#8217;un col roul\u00e9, cette maille incarne l&#8217;\u00e9l\u00e9gance intemporelle. \u00c0 mixer selon vos envies, compl\u00e9tez votre look casual avec une jupe fluide ou un jean ample.<\/p>\n<p>&#8211; Pull en cachemire certifi\u00e9 GCS\u00ae Femme<br \/>&#8211; Col roul\u00e9<br \/>&#8211; Bords c\u00f4tel\u00e9s<br \/>&#8211; Manches longues<br \/>&#8211; Coupe slim<br \/>&#8211; Le Good Cashmere Standard\u00ae (GCS) est une norme ind\u00e9pendante pour un cachemire plus durable et plus responsable. Il vise \u00e0 am\u00e9liorer le bien-\u00eatre des ch\u00e8vres cachemire, les conditions de travail des \u00e9leveurs ainsi qu&#8217;\u00e0 prot\u00e9ger l&#8217;environnement.<\/span><\/p>\n","protected":false},"excerpt":{"rendered":"<p>Infiniment doux, ce pull ajust\u00e9 en cachemire s&#8217;impose comme un essentiel du vestiaire FROM FUTURE. Muni de bords c\u00f4tel\u00e9s, de manches longues et d&#8217;un col roul\u00e9, cette maille incarne l&#8217;\u00e9l\u00e9gance intemporelle. \u00c0 mixer selon vos envies, compl\u00e9tez votre look casual avec une jupe fluide ou un jean ample. &#8211; Pull en cachemire certifi\u00e9 GCS\u00ae Femme&#8211; [&hellip;]<\/p>\n","protected":false},"featured_media":1116147,"comment_status":"open","ping_status":"closed","template":"","meta":[],"product_brand":[6868],"product_cat":[1756,1762],"product_tag":[2244],"acf":[],"_links":{"self":[{"href":"https:\/\/streetmarkets.fr\/app\/wp-json\/wp\/v2\/product\/1116146"}],"collection":[{"href":"https:\/\/streetmarkets.fr\/app\/wp-json\/wp\/v2\/product"}],"about":[{"href":"https:\/\/streetmarkets.fr\/app\/wp-json\/wp\/v2\/types\/product"}],"replies":[{"embeddable":true,"href":"https:\/\/streetmarkets.fr\/app\/wp-json\/wp\/v2\/comments?post=1116146"}],"wp:featuredmedia":[{"embeddable":true,"href":"https:\/\/streetmarkets.fr\/app\/wp-json\/wp\/v2\/media\/1116147"}],"wp:attachment":[{"href":"https:\/\/streetmarkets.fr\/app\/wp-json\/wp\/v2\/media?parent=1116146"}],"wp:term":[{"taxonomy":"product_brand","embeddable":true,"href":"https:\/\/streetmarkets.fr\/app\/wp-json\/wp\/v2\/product_brand?post=1116146"},{"taxonomy":"product_cat","embeddable":true,"href":"https:\/\/streetmarkets.fr\/app\/wp-json\/wp\/v2\/product_cat?post=1116146"},{"taxonomy":"product_tag","embeddable":true,"href":"https:\/\/streetmarkets.fr\/app\/wp-json\/wp\/v2\/product_tag?post=1116146"}],"curies":[{"name":"wp","href":"https:\/\/api.w.org\/{rel}","templated":true}]}}