{"id":1115791,"date":"2025-01-07T23:58:31","date_gmt":"2025-01-07T22:58:31","guid":{"rendered":"https:\/\/streetmarkets.fr\/app\/produit\/broche-zebre\/"},"modified":"2026-04-13T00:56:01","modified_gmt":"2026-04-12T22:56:01","slug":"broche-zebre","status":"publish","type":"product","link":"https:\/\/streetmarkets.fr\/app\/produit\/broche-zebre\/","title":{"rendered":"Broche Z\u00e8bre"},"content":{"rendered":"<p>Apportez une touche d\u2019originalit\u00e9 \u00e0 vos tenues avec la Broche Z\u00e8bre. Inspir\u00e9e par la beaut\u00e9 fascinante de la nature, cette pi\u00e8ce est bien plus qu\u2019un simple accessoire car il donne une seconde vie \u00e0 vos v\u00eatements.<\/p>\n<p>DETAILS\u00a0<\/p>\n<ul>\n<li>Broche motif z\u00e8bre<\/li>\n<li>Dimensions : 4,5 x 3,5 cm<\/li>\n<li>Fils de broderies cannetilles<\/li>\n<li>Fabrication artisanale tiss\u00e9e \u00e0 la main<\/li>\n<li>M\u00e9thode d&#8217;attache : \u00c9pinglette avec cran de securit\u00e9\u00a0\n<\/li>\n<\/ul>\n<p>LE CONSEIL D&#8217;ASTRID<\/p>\n<p>La Broche Z\u00e8bre se marie aussi bien avec un look chic, qu\u2019un style d\u00e9contract\u00e9. Fixez-la sur un blazer, un sac ou m\u00eame un chapeau pour transformer votre pi\u00e8ce pr\u00e9f\u00e9r\u00e9e en une cr\u00e9ation unique<\/p>\n<p>LA MARQUE<\/p>\n<p>&#8211; Pimp ton style avec malice &#8211;<\/p>\n<p>Malicieuse, c&#8217;est la marque qui r\u00e9invente les accessoires pour en faire des cr\u00e9ations uniques et personnalis\u00e9es en apportant une seconde vie \u00e0 vos v\u00eatements, tout en prenant soin de la plan\u00e8te.<\/p>\n","protected":false},"excerpt":{"rendered":"<p>Apportez une touche d\u2019originalit\u00e9 \u00e0 vos tenues avec la Broche Z\u00e8bre. Inspir\u00e9e par la beaut\u00e9 fascinante de la nature, cette pi\u00e8ce est bien plus qu\u2019un simple accessoire car il donne une seconde vie \u00e0 vos v\u00eatements. DETAILS\u00a0 Broche motif z\u00e8bre Dimensions : 4,5 x 3,5 cm Fils de broderies cannetilles Fabrication artisanale tiss\u00e9e \u00e0 la [&hellip;]<\/p>\n","protected":false},"featured_media":1115792,"comment_status":"open","ping_status":"closed","template":"","meta":[],"product_brand":[],"product_cat":[1756,1764],"product_tag":[1813],"acf":[],"_links":{"self":[{"href":"https:\/\/streetmarkets.fr\/app\/wp-json\/wp\/v2\/product\/1115791"}],"collection":[{"href":"https:\/\/streetmarkets.fr\/app\/wp-json\/wp\/v2\/product"}],"about":[{"href":"https:\/\/streetmarkets.fr\/app\/wp-json\/wp\/v2\/types\/product"}],"replies":[{"embeddable":true,"href":"https:\/\/streetmarkets.fr\/app\/wp-json\/wp\/v2\/comments?post=1115791"}],"wp:featuredmedia":[{"embeddable":true,"href":"https:\/\/streetmarkets.fr\/app\/wp-json\/wp\/v2\/media\/1115792"}],"wp:attachment":[{"href":"https:\/\/streetmarkets.fr\/app\/wp-json\/wp\/v2\/media?parent=1115791"}],"wp:term":[{"taxonomy":"product_brand","embeddable":true,"href":"https:\/\/streetmarkets.fr\/app\/wp-json\/wp\/v2\/product_brand?post=1115791"},{"taxonomy":"product_cat","embeddable":true,"href":"https:\/\/streetmarkets.fr\/app\/wp-json\/wp\/v2\/product_cat?post=1115791"},{"taxonomy":"product_tag","embeddable":true,"href":"https:\/\/streetmarkets.fr\/app\/wp-json\/wp\/v2\/product_tag?post=1115791"}],"curies":[{"name":"wp","href":"https:\/\/api.w.org\/{rel}","templated":true}]}}