{"id":1100417,"date":"2025-01-05T01:03:14","date_gmt":"2025-01-05T00:03:14","guid":{"rendered":"https:\/\/streetmarkets.fr\/app\/produit\/jogging-droit-future-h24-homme-noir\/"},"modified":"2025-01-25T01:03:20","modified_gmt":"2025-01-25T00:03:20","slug":"jogging-droit-future-h24-homme-noir","status":"publish","type":"product","link":"https:\/\/streetmarkets.fr\/app\/produit\/jogging-droit-future-h24-homme-noir\/","title":{"rendered":"Jogging Droit Future (H24 \/ HOMME \/ Noir)"},"content":{"rendered":"<p>Une broderie signature &#8220;From Future&#8221; se d\u00e9voile sur ce jogging droit en molleton muni d&#8217;une taille \u00e9lastiqu\u00e9e. Rejoignez le Club avec cet essentiel du vestiaire masculin.<\/p>\n<p>&#8211; Jogging droit en coton homme<br \/>\n<br \/>&#8211; Molletonn\u00e9<br \/>\n<br \/>&#8211; Broderie &#8220;FROM FUTURE&#8221;<br \/>\n<br \/>&#8211; Cordon de serrage \u00e0 la taille<br \/>\n<br \/>&#8211; Resserr\u00e9 aux chevilles<br \/>\n<br \/>&#8211; Coupe regular<br \/>\n<br \/>&#8211; Fabriqu\u00e9 au Portugal<\/p>\n","protected":false},"excerpt":{"rendered":"<p>Une broderie signature &#8220;From Future&#8221; se d\u00e9voile sur ce jogging droit en molleton muni d&#8217;une taille \u00e9lastiqu\u00e9e. Rejoignez le Club avec cet essentiel du vestiaire masculin. &#8211; Jogging droit en coton homme &#8211; Molletonn\u00e9 &#8211; Broderie &#8220;FROM FUTURE&#8221; &#8211; Cordon de serrage \u00e0 la taille &#8211; Resserr\u00e9 aux chevilles &#8211; Coupe regular &#8211; Fabriqu\u00e9 au [&hellip;]<\/p>\n","protected":false},"featured_media":1100418,"comment_status":"open","ping_status":"closed","template":"","meta":[],"product_brand":[6868],"product_cat":[1756,1758],"product_tag":[2244,1811],"acf":[],"_links":{"self":[{"href":"https:\/\/streetmarkets.fr\/app\/wp-json\/wp\/v2\/product\/1100417"}],"collection":[{"href":"https:\/\/streetmarkets.fr\/app\/wp-json\/wp\/v2\/product"}],"about":[{"href":"https:\/\/streetmarkets.fr\/app\/wp-json\/wp\/v2\/types\/product"}],"replies":[{"embeddable":true,"href":"https:\/\/streetmarkets.fr\/app\/wp-json\/wp\/v2\/comments?post=1100417"}],"wp:featuredmedia":[{"embeddable":true,"href":"https:\/\/streetmarkets.fr\/app\/wp-json\/wp\/v2\/media\/1100418"}],"wp:attachment":[{"href":"https:\/\/streetmarkets.fr\/app\/wp-json\/wp\/v2\/media?parent=1100417"}],"wp:term":[{"taxonomy":"product_brand","embeddable":true,"href":"https:\/\/streetmarkets.fr\/app\/wp-json\/wp\/v2\/product_brand?post=1100417"},{"taxonomy":"product_cat","embeddable":true,"href":"https:\/\/streetmarkets.fr\/app\/wp-json\/wp\/v2\/product_cat?post=1100417"},{"taxonomy":"product_tag","embeddable":true,"href":"https:\/\/streetmarkets.fr\/app\/wp-json\/wp\/v2\/product_tag?post=1100417"}],"curies":[{"name":"wp","href":"https:\/\/api.w.org\/{rel}","templated":true}]}}