{"id":1097510,"date":"2025-01-04T04:21:59","date_gmt":"2025-01-04T03:21:59","guid":{"rendered":"https:\/\/streetmarkets.fr\/app\/produit\/pantalon-charlie-velours-or\/"},"modified":"2026-04-30T05:21:49","modified_gmt":"2026-04-30T03:21:49","slug":"pantalon-charlie-velours-or","status":"publish","type":"product","link":"https:\/\/streetmarkets.fr\/app\/produit\/pantalon-charlie-velours-or\/","title":{"rendered":"Pantalon CHARLIE velours OR"},"content":{"rendered":"<p>Le pantalon Charlie MUST HAVE!<br \/>\nLE CHARLIE que nous adorons toutes!<br \/>\nTaille haute, jambes larges super confortable en velours, tr\u00e8s \u00e9l\u00e9gant: un dosage de style vintage, f\u00e9minin une touche rustique avec ce velours \u00e0 cotes larges.<\/p>\n","protected":false},"excerpt":{"rendered":"<p>Le pantalon Charlie MUST HAVE! LE CHARLIE que nous adorons toutes! Taille haute, jambes larges super confortable en velours, tr\u00e8s \u00e9l\u00e9gant: un dosage de style vintage, f\u00e9minin une touche rustique avec ce velours \u00e0 cotes larges.<\/p>\n","protected":false},"featured_media":1097511,"comment_status":"open","ping_status":"closed","template":"","meta":[],"product_brand":[1310],"product_cat":[1756,1762],"product_tag":[1813],"acf":[],"_links":{"self":[{"href":"https:\/\/streetmarkets.fr\/app\/wp-json\/wp\/v2\/product\/1097510"}],"collection":[{"href":"https:\/\/streetmarkets.fr\/app\/wp-json\/wp\/v2\/product"}],"about":[{"href":"https:\/\/streetmarkets.fr\/app\/wp-json\/wp\/v2\/types\/product"}],"replies":[{"embeddable":true,"href":"https:\/\/streetmarkets.fr\/app\/wp-json\/wp\/v2\/comments?post=1097510"}],"wp:featuredmedia":[{"embeddable":true,"href":"https:\/\/streetmarkets.fr\/app\/wp-json\/wp\/v2\/media\/1097511"}],"wp:attachment":[{"href":"https:\/\/streetmarkets.fr\/app\/wp-json\/wp\/v2\/media?parent=1097510"}],"wp:term":[{"taxonomy":"product_brand","embeddable":true,"href":"https:\/\/streetmarkets.fr\/app\/wp-json\/wp\/v2\/product_brand?post=1097510"},{"taxonomy":"product_cat","embeddable":true,"href":"https:\/\/streetmarkets.fr\/app\/wp-json\/wp\/v2\/product_cat?post=1097510"},{"taxonomy":"product_tag","embeddable":true,"href":"https:\/\/streetmarkets.fr\/app\/wp-json\/wp\/v2\/product_tag?post=1097510"}],"curies":[{"name":"wp","href":"https:\/\/api.w.org\/{rel}","templated":true}]}}