{"id":1092806,"date":"2025-01-04T01:13:44","date_gmt":"2025-01-04T00:13:44","guid":{"rendered":"https:\/\/streetmarkets.fr\/app\/produit\/pull-col-rond-coeur-broderie-future-s25-femme-ecru\/"},"modified":"2025-08-16T01:47:12","modified_gmt":"2025-08-15T23:47:12","slug":"pull-col-rond-coeur-broderie-future-s25-femme-ecru","status":"publish","type":"product","link":"https:\/\/streetmarkets.fr\/app\/produit\/pull-col-rond-coeur-broderie-future-s25-femme-ecru\/","title":{"rendered":"Pull Col Rond C\u0153ur Broderie Future (S25 \/ FEMME \/ Ecru)"},"content":{"rendered":"<p>Rejoignez le Club avec ce pull long et oversize, d\u00e9clarant un c\u0153ur sign\u00e9 &#8220;Future&#8221;. Confectionn\u00e9 en cachemire 4 fils, il d\u00e9voile un col rond et des manches longues. Mixez-le \u00e0 un pantalon ample ou une jupe soyeuse.<\/p>\n<p>&#8211; Pull long en cachemire 4 fils certifi\u00e9 GCS\u00ae Femme <br \/>&#8211; Imprim\u00e9 c\u0153ur &#8220;Future&#8221; <br \/>&#8211; Col rond <br \/>&#8211; Manches longues <br \/>&#8211; Bords c\u00f4tel\u00e9s <br \/>&#8211; Coupe oversize <br \/>&#8211; Le Good Cashmere Standard\u00ae (GCS) est une norme ind\u00e9pendante pour un cachemire plus durable et plus responsable. Il vise \u00e0 am\u00e9liorer le bien-\u00eatre des ch\u00e8vres cachemire, les conditions de travail des \u00e9leveurs ainsi qu&#8217;\u00e0 prot\u00e9ger l&#8217;environnement.<\/p>\n","protected":false},"excerpt":{"rendered":"<p>Rejoignez le Club avec ce pull long et oversize, d\u00e9clarant un c\u0153ur sign\u00e9 &#8220;Future&#8221;. Confectionn\u00e9 en cachemire 4 fils, il d\u00e9voile un col rond et des manches longues. Mixez-le \u00e0 un pantalon ample ou une jupe soyeuse. &#8211; Pull long en cachemire 4 fils certifi\u00e9 GCS\u00ae Femme &#8211; Imprim\u00e9 c\u0153ur &#8220;Future&#8221; &#8211; Col rond &#8211; [&hellip;]<\/p>\n","protected":false},"featured_media":1092807,"comment_status":"open","ping_status":"closed","template":"","meta":[],"product_brand":[6868],"product_cat":[1756,1762],"product_tag":[2244],"acf":[],"_links":{"self":[{"href":"https:\/\/streetmarkets.fr\/app\/wp-json\/wp\/v2\/product\/1092806"}],"collection":[{"href":"https:\/\/streetmarkets.fr\/app\/wp-json\/wp\/v2\/product"}],"about":[{"href":"https:\/\/streetmarkets.fr\/app\/wp-json\/wp\/v2\/types\/product"}],"replies":[{"embeddable":true,"href":"https:\/\/streetmarkets.fr\/app\/wp-json\/wp\/v2\/comments?post=1092806"}],"wp:featuredmedia":[{"embeddable":true,"href":"https:\/\/streetmarkets.fr\/app\/wp-json\/wp\/v2\/media\/1092807"}],"wp:attachment":[{"href":"https:\/\/streetmarkets.fr\/app\/wp-json\/wp\/v2\/media?parent=1092806"}],"wp:term":[{"taxonomy":"product_brand","embeddable":true,"href":"https:\/\/streetmarkets.fr\/app\/wp-json\/wp\/v2\/product_brand?post=1092806"},{"taxonomy":"product_cat","embeddable":true,"href":"https:\/\/streetmarkets.fr\/app\/wp-json\/wp\/v2\/product_cat?post=1092806"},{"taxonomy":"product_tag","embeddable":true,"href":"https:\/\/streetmarkets.fr\/app\/wp-json\/wp\/v2\/product_tag?post=1092806"}],"curies":[{"name":"wp","href":"https:\/\/api.w.org\/{rel}","templated":true}]}}