{"id":1083003,"date":"2025-01-02T00:37:51","date_gmt":"2025-01-01T23:37:51","guid":{"rendered":"https:\/\/streetmarkets.fr\/app\/produit\/trs-patch-go-away\/"},"modified":"2025-12-14T00:29:01","modified_gmt":"2025-12-13T23:29:01","slug":"trs-patch-go-away","status":"publish","type":"product","link":"https:\/\/streetmarkets.fr\/app\/produit\/trs-patch-go-away\/","title":{"rendered":"TRS &#8211; Patch Go Away"},"content":{"rendered":"<p>Patch brod\u00e9 \u00e0 fixer sur vos v\u00eatements \u00e0 l&#8217;aide d&#8217;un fer \u00e0 repasser.<\/p>\n<p>Thermoadh\u00e9sif brod\u00e9<\/p>\n","protected":false},"excerpt":{"rendered":"<p>Patch brod\u00e9 \u00e0 fixer sur vos v\u00eatements \u00e0 l&#8217;aide d&#8217;un fer \u00e0 repasser. Thermoadh\u00e9sif brod\u00e9<\/p>\n","protected":false},"featured_media":1083004,"comment_status":"open","ping_status":"closed","template":"","meta":[],"product_brand":[],"product_cat":[1756,1764,1760],"product_tag":[1810],"acf":[],"_links":{"self":[{"href":"https:\/\/streetmarkets.fr\/app\/wp-json\/wp\/v2\/product\/1083003"}],"collection":[{"href":"https:\/\/streetmarkets.fr\/app\/wp-json\/wp\/v2\/product"}],"about":[{"href":"https:\/\/streetmarkets.fr\/app\/wp-json\/wp\/v2\/types\/product"}],"replies":[{"embeddable":true,"href":"https:\/\/streetmarkets.fr\/app\/wp-json\/wp\/v2\/comments?post=1083003"}],"wp:featuredmedia":[{"embeddable":true,"href":"https:\/\/streetmarkets.fr\/app\/wp-json\/wp\/v2\/media\/1083004"}],"wp:attachment":[{"href":"https:\/\/streetmarkets.fr\/app\/wp-json\/wp\/v2\/media?parent=1083003"}],"wp:term":[{"taxonomy":"product_brand","embeddable":true,"href":"https:\/\/streetmarkets.fr\/app\/wp-json\/wp\/v2\/product_brand?post=1083003"},{"taxonomy":"product_cat","embeddable":true,"href":"https:\/\/streetmarkets.fr\/app\/wp-json\/wp\/v2\/product_cat?post=1083003"},{"taxonomy":"product_tag","embeddable":true,"href":"https:\/\/streetmarkets.fr\/app\/wp-json\/wp\/v2\/product_tag?post=1083003"}],"curies":[{"name":"wp","href":"https:\/\/api.w.org\/{rel}","templated":true}]}}