{"id":1054275,"date":"2024-12-27T01:11:58","date_gmt":"2024-12-27T00:11:58","guid":{"rendered":"https:\/\/streetmarkets.fr\/app\/produit\/pull-col-rond-brushed-s25-femme-sky-pink\/"},"modified":"2025-10-14T01:46:21","modified_gmt":"2025-10-13T23:46:21","slug":"pull-col-rond-brushed-s25-femme-sky-pink","status":"publish","type":"product","link":"https:\/\/streetmarkets.fr\/app\/produit\/pull-col-rond-brushed-s25-femme-sky-pink\/","title":{"rendered":"Pull Col Rond Cachemire Bross\u00e9 (S25 \/ FEMME \/ Sky Pink)"},"content":{"rendered":"<p>Ce pull court se distingue par une maille bross\u00e9e confectionn\u00e9e en cachemire 2 fils. Un col rond et des bords c\u00f4tel\u00e9s soulignent sa coupe ajust\u00e9e. Compl\u00e9tez votre look avec un pantalon droit ou une robe fluide.<\/p>\n<p>&#8211; Pull court en cachemire 2 fils Femme<br \/>\n<br \/>&#8211; Maille bross\u00e9e<br \/>\n<br \/>&#8211; Col rond<br \/>\n<br \/>&#8211; Manches longues<br \/>\n<br \/>&#8211; Bords c\u00f4tel\u00e9s<br \/>\n<br \/>&#8211; Coupe slim<\/p>\n","protected":false},"excerpt":{"rendered":"<p>Ce pull court se distingue par une maille bross\u00e9e confectionn\u00e9e en cachemire 2 fils. Un col rond et des bords c\u00f4tel\u00e9s soulignent sa coupe ajust\u00e9e. Compl\u00e9tez votre look avec un pantalon droit ou une robe fluide. &#8211; Pull court en cachemire 2 fils Femme &#8211; Maille bross\u00e9e &#8211; Col rond &#8211; Manches longues &#8211; Bords [&hellip;]<\/p>\n","protected":false},"featured_media":1054276,"comment_status":"open","ping_status":"closed","template":"","meta":[],"product_brand":[6868],"product_cat":[1756,1762],"product_tag":[2244],"acf":[],"_links":{"self":[{"href":"https:\/\/streetmarkets.fr\/app\/wp-json\/wp\/v2\/product\/1054275"}],"collection":[{"href":"https:\/\/streetmarkets.fr\/app\/wp-json\/wp\/v2\/product"}],"about":[{"href":"https:\/\/streetmarkets.fr\/app\/wp-json\/wp\/v2\/types\/product"}],"replies":[{"embeddable":true,"href":"https:\/\/streetmarkets.fr\/app\/wp-json\/wp\/v2\/comments?post=1054275"}],"wp:featuredmedia":[{"embeddable":true,"href":"https:\/\/streetmarkets.fr\/app\/wp-json\/wp\/v2\/media\/1054276"}],"wp:attachment":[{"href":"https:\/\/streetmarkets.fr\/app\/wp-json\/wp\/v2\/media?parent=1054275"}],"wp:term":[{"taxonomy":"product_brand","embeddable":true,"href":"https:\/\/streetmarkets.fr\/app\/wp-json\/wp\/v2\/product_brand?post=1054275"},{"taxonomy":"product_cat","embeddable":true,"href":"https:\/\/streetmarkets.fr\/app\/wp-json\/wp\/v2\/product_cat?post=1054275"},{"taxonomy":"product_tag","embeddable":true,"href":"https:\/\/streetmarkets.fr\/app\/wp-json\/wp\/v2\/product_tag?post=1054275"}],"curies":[{"name":"wp","href":"https:\/\/api.w.org\/{rel}","templated":true}]}}