{"id":1054254,"date":"2024-12-27T01:11:57","date_gmt":"2024-12-27T00:11:57","guid":{"rendered":"https:\/\/streetmarkets.fr\/app\/produit\/pull-col-v-brushed-s25-femme-ecru\/"},"modified":"2025-10-02T01:58:09","modified_gmt":"2025-10-01T23:58:09","slug":"pull-col-v-brushed-s25-femme-ecru","status":"publish","type":"product","link":"https:\/\/streetmarkets.fr\/app\/produit\/pull-col-v-brushed-s25-femme-ecru\/","title":{"rendered":"Pull Col V Cachemire Bross\u00e9 (S25 \/ FEMME \/ Ecru)"},"content":{"rendered":"<p>Avec sa coupe oversize, ce pull en maille bross\u00e9e vous enveloppe de douceur et d&#8217;\u00e9l\u00e9gance. Confectionn\u00e9 en cachemire 2 fils, il affiche un col V et des bords c\u00f4tel\u00e9s. \u00c0 porter seul ou sur une chemise pour un look sophistiqu\u00e9.<\/p>\n<p>&#8211; Pull en cachemire 2 fils Femme<br \/>\n<br \/>&#8211; Maille bross\u00e9e<br \/>\n<br \/>&#8211; Col V<br \/>\n<br \/>&#8211; Manches longues<br \/>\n<br \/>&#8211; Bords c\u00f4tel\u00e9s<br \/>\n<br \/>&#8211; Coupe oversize<\/p>\n","protected":false},"excerpt":{"rendered":"<p>Avec sa coupe oversize, ce pull en maille bross\u00e9e vous enveloppe de douceur et d&#8217;\u00e9l\u00e9gance. Confectionn\u00e9 en cachemire 2 fils, il affiche un col V et des bords c\u00f4tel\u00e9s. \u00c0 porter seul ou sur une chemise pour un look sophistiqu\u00e9. &#8211; Pull en cachemire 2 fils Femme &#8211; Maille bross\u00e9e &#8211; Col V &#8211; Manches [&hellip;]<\/p>\n","protected":false},"featured_media":1054255,"comment_status":"open","ping_status":"closed","template":"","meta":[],"product_brand":[6868],"product_cat":[1756,1762],"product_tag":[2244],"acf":[],"_links":{"self":[{"href":"https:\/\/streetmarkets.fr\/app\/wp-json\/wp\/v2\/product\/1054254"}],"collection":[{"href":"https:\/\/streetmarkets.fr\/app\/wp-json\/wp\/v2\/product"}],"about":[{"href":"https:\/\/streetmarkets.fr\/app\/wp-json\/wp\/v2\/types\/product"}],"replies":[{"embeddable":true,"href":"https:\/\/streetmarkets.fr\/app\/wp-json\/wp\/v2\/comments?post=1054254"}],"wp:featuredmedia":[{"embeddable":true,"href":"https:\/\/streetmarkets.fr\/app\/wp-json\/wp\/v2\/media\/1054255"}],"wp:attachment":[{"href":"https:\/\/streetmarkets.fr\/app\/wp-json\/wp\/v2\/media?parent=1054254"}],"wp:term":[{"taxonomy":"product_brand","embeddable":true,"href":"https:\/\/streetmarkets.fr\/app\/wp-json\/wp\/v2\/product_brand?post=1054254"},{"taxonomy":"product_cat","embeddable":true,"href":"https:\/\/streetmarkets.fr\/app\/wp-json\/wp\/v2\/product_cat?post=1054254"},{"taxonomy":"product_tag","embeddable":true,"href":"https:\/\/streetmarkets.fr\/app\/wp-json\/wp\/v2\/product_tag?post=1054254"}],"curies":[{"name":"wp","href":"https:\/\/api.w.org\/{rel}","templated":true}]}}