{"id":1054237,"date":"2024-12-27T01:11:55","date_gmt":"2024-12-27T00:11:55","guid":{"rendered":"https:\/\/streetmarkets.fr\/app\/produit\/pull-sans-manches-fils-bicolores-s25-femme-beige\/"},"modified":"2025-10-02T01:58:09","modified_gmt":"2025-10-01T23:58:09","slug":"pull-sans-manches-fils-bicolores-s25-femme-beige","status":"publish","type":"product","link":"https:\/\/streetmarkets.fr\/app\/produit\/pull-sans-manches-fils-bicolores-s25-femme-beige\/","title":{"rendered":"Pull Sans Manches Fils Bicolores (S25 \/ FEMME \/ Beige)"},"content":{"rendered":"<p>Confectionn\u00e9 en cachemire 2 fils, ce pull sans manches offre un jeu de textures avec une maille douce, twist\u00e9e de fils bicolores. Court et ajust\u00e9, il d\u00e9voile un col rond et des bords c\u00f4tel\u00e9s. Port\u00e9 seul ou en superposition, il s&#8217;associe au jogging coordonn\u00e9.<\/p>\n<p>&#8211; Pull sans manches court en cachemire 2 fils certifi\u00e9 GCS\u00ae Femme<br \/>\n<br \/>&#8211; Fils bicolores<br \/>\n<br \/>&#8211; Col rond<br \/>\n<br \/>&#8211; Bords c\u00f4tel\u00e9s<br \/>\n<br \/>&#8211; Coupe slim<br \/>\n<br \/>&#8211; Le Good Cashmere Standard\u00ae (GCS) est une norme ind\u00e9pendante pour un cachemire plus durable et plus responsable. Il vise \u00e0 am\u00e9liorer le bien-\u00eatre des ch\u00e8vres cachemire, les conditions de travail des \u00e9leveurs ainsi qu&#8217;\u00e0 prot\u00e9ger l&#8217;environnement.<\/p>\n","protected":false},"excerpt":{"rendered":"<p>Confectionn\u00e9 en cachemire 2 fils, ce pull sans manches offre un jeu de textures avec une maille douce, twist\u00e9e de fils bicolores. Court et ajust\u00e9, il d\u00e9voile un col rond et des bords c\u00f4tel\u00e9s. Port\u00e9 seul ou en superposition, il s&#8217;associe au jogging coordonn\u00e9. &#8211; Pull sans manches court en cachemire 2 fils certifi\u00e9 GCS\u00ae [&hellip;]<\/p>\n","protected":false},"featured_media":1054238,"comment_status":"open","ping_status":"closed","template":"","meta":[],"product_brand":[6868],"product_cat":[1756,1762],"product_tag":[2244],"acf":[],"_links":{"self":[{"href":"https:\/\/streetmarkets.fr\/app\/wp-json\/wp\/v2\/product\/1054237"}],"collection":[{"href":"https:\/\/streetmarkets.fr\/app\/wp-json\/wp\/v2\/product"}],"about":[{"href":"https:\/\/streetmarkets.fr\/app\/wp-json\/wp\/v2\/types\/product"}],"replies":[{"embeddable":true,"href":"https:\/\/streetmarkets.fr\/app\/wp-json\/wp\/v2\/comments?post=1054237"}],"wp:featuredmedia":[{"embeddable":true,"href":"https:\/\/streetmarkets.fr\/app\/wp-json\/wp\/v2\/media\/1054238"}],"wp:attachment":[{"href":"https:\/\/streetmarkets.fr\/app\/wp-json\/wp\/v2\/media?parent=1054237"}],"wp:term":[{"taxonomy":"product_brand","embeddable":true,"href":"https:\/\/streetmarkets.fr\/app\/wp-json\/wp\/v2\/product_brand?post=1054237"},{"taxonomy":"product_cat","embeddable":true,"href":"https:\/\/streetmarkets.fr\/app\/wp-json\/wp\/v2\/product_cat?post=1054237"},{"taxonomy":"product_tag","embeddable":true,"href":"https:\/\/streetmarkets.fr\/app\/wp-json\/wp\/v2\/product_tag?post=1054237"}],"curies":[{"name":"wp","href":"https:\/\/api.w.org\/{rel}","templated":true}]}}