{"id":1054226,"date":"2024-12-27T01:11:54","date_gmt":"2024-12-27T00:11:54","guid":{"rendered":"https:\/\/streetmarkets.fr\/app\/produit\/jogging-large-fils-bicolores-s25-femme-beige\/"},"modified":"2025-10-02T01:58:09","modified_gmt":"2025-10-01T23:58:09","slug":"jogging-large-fils-bicolores-s25-femme-beige","status":"publish","type":"product","link":"https:\/\/streetmarkets.fr\/app\/produit\/jogging-large-fils-bicolores-s25-femme-beige\/","title":{"rendered":"Jogging Large Fils Bicolores (S25 \/ FEMME \/ Beige)"},"content":{"rendered":"<p>Une maille douce et c\u00f4tel\u00e9e s&#8217;invite sur ce jogging confectionn\u00e9 en cachemire 2 fils. Compl\u00e9t\u00e9 par deux poches et une taille \u00e9lastiqu\u00e9e, il s\u00e9duit par un tomb\u00e9 large, cr\u00e9ant une silhouette \u00e9lanc\u00e9e. Misez sur le total look avec le pull sans manches coordonn\u00e9.<\/p>\n<p>&#8211; Jogging long en cachemire 2 fils certifi\u00e9 GCS\u00ae Femme<br \/>\n<br \/>&#8211; C\u00f4tel\u00e9<br \/>\n<br \/>&#8211; 2 poches<br \/>\n<br \/>&#8211; Taille \u00e9lastiqu\u00e9e<br \/>\n<br \/>&#8211; Bas \u00e9vas\u00e9<br \/>\n<br \/>&#8211; Coupe regular<br \/>\n<br \/>&#8211; Le Good Cashmere Standard\u00ae (GCS) est une norme ind\u00e9pendante pour un cachemire plus durable et plus responsable. Il vise \u00e0 am\u00e9liorer le bien-\u00eatre des ch\u00e8vres cachemire, les conditions de travail des \u00e9leveurs ainsi qu&#8217;\u00e0 prot\u00e9ger l&#8217;environnement.<\/p>\n","protected":false},"excerpt":{"rendered":"<p>Une maille douce et c\u00f4tel\u00e9e s&#8217;invite sur ce jogging confectionn\u00e9 en cachemire 2 fils. Compl\u00e9t\u00e9 par deux poches et une taille \u00e9lastiqu\u00e9e, il s\u00e9duit par un tomb\u00e9 large, cr\u00e9ant une silhouette \u00e9lanc\u00e9e. Misez sur le total look avec le pull sans manches coordonn\u00e9. &#8211; Jogging long en cachemire 2 fils certifi\u00e9 GCS\u00ae Femme &#8211; C\u00f4tel\u00e9 [&hellip;]<\/p>\n","protected":false},"featured_media":1054227,"comment_status":"open","ping_status":"closed","template":"","meta":[],"product_brand":[6868],"product_cat":[1756,1762],"product_tag":[2244],"acf":[],"_links":{"self":[{"href":"https:\/\/streetmarkets.fr\/app\/wp-json\/wp\/v2\/product\/1054226"}],"collection":[{"href":"https:\/\/streetmarkets.fr\/app\/wp-json\/wp\/v2\/product"}],"about":[{"href":"https:\/\/streetmarkets.fr\/app\/wp-json\/wp\/v2\/types\/product"}],"replies":[{"embeddable":true,"href":"https:\/\/streetmarkets.fr\/app\/wp-json\/wp\/v2\/comments?post=1054226"}],"wp:featuredmedia":[{"embeddable":true,"href":"https:\/\/streetmarkets.fr\/app\/wp-json\/wp\/v2\/media\/1054227"}],"wp:attachment":[{"href":"https:\/\/streetmarkets.fr\/app\/wp-json\/wp\/v2\/media?parent=1054226"}],"wp:term":[{"taxonomy":"product_brand","embeddable":true,"href":"https:\/\/streetmarkets.fr\/app\/wp-json\/wp\/v2\/product_brand?post=1054226"},{"taxonomy":"product_cat","embeddable":true,"href":"https:\/\/streetmarkets.fr\/app\/wp-json\/wp\/v2\/product_cat?post=1054226"},{"taxonomy":"product_tag","embeddable":true,"href":"https:\/\/streetmarkets.fr\/app\/wp-json\/wp\/v2\/product_tag?post=1054226"}],"curies":[{"name":"wp","href":"https:\/\/api.w.org\/{rel}","templated":true}]}}