{"id":1054214,"date":"2024-12-27T01:11:53","date_gmt":"2024-12-27T00:11:53","guid":{"rendered":"https:\/\/streetmarkets.fr\/app\/produit\/chemise-manches-longues-s25-homme-storm-grey\/"},"modified":"2025-08-18T01:47:24","modified_gmt":"2025-08-17T23:47:24","slug":"chemise-manches-longues-s25-homme-storm-grey","status":"publish","type":"product","link":"https:\/\/streetmarkets.fr\/app\/produit\/chemise-manches-longues-s25-homme-storm-grey\/","title":{"rendered":"Chemise Manches Longues (S25 \/ HOMME \/ Storm Grey)"},"content":{"rendered":"<p>Avec une maille perl\u00e9e en cachemire 2 fils, cette chemise longue et oversize revisite avec \u00e9l\u00e9gance les codes classiques. Un col structur\u00e9, une fermeture boutonn\u00e9e et une poche poitrine lui conf\u00e8rent une allure intemporelle. Un indispensable \u00e0 mixer avec tous les styles.<\/p>\n<p>&#8211; Chemise longue en cachemire certifi\u00e9 2 fils GCS\u00ae Homme<br \/>\n<br \/>&#8211; Maille perl\u00e9e<br \/>\n<br \/>&#8211; Col polo<br \/>\n<br \/>&#8211; Fermeture boutonn\u00e9e<br \/>\n<br \/>&#8211; Poche poitrine<br \/>\n<br \/>&#8211; Manches longues<br \/>\n<br \/>&#8211; Poignets boutonn\u00e9s<br \/>\n<br \/>&#8211; Coupe oversize<br \/>\n<br \/>&#8211; Le Good Cashmere Standard\u00ae (GCS) est une norme ind\u00e9pendante pour un cachemire plus durable et plus responsable. Il vise \u00e0 am\u00e9liorer le bien-\u00eatre des ch\u00e8vres cachemire, les conditions de travail des \u00e9leveurs ainsi qu&#8217;\u00e0 prot\u00e9ger l&#8217;environnement.<\/p>\n","protected":false},"excerpt":{"rendered":"<p>Avec une maille perl\u00e9e en cachemire 2 fils, cette chemise longue et oversize revisite avec \u00e9l\u00e9gance les codes classiques. Un col structur\u00e9, une fermeture boutonn\u00e9e et une poche poitrine lui conf\u00e8rent une allure intemporelle. Un indispensable \u00e0 mixer avec tous les styles. &#8211; Chemise longue en cachemire certifi\u00e9 2 fils GCS\u00ae Homme &#8211; Maille perl\u00e9e [&hellip;]<\/p>\n","protected":false},"featured_media":1054215,"comment_status":"open","ping_status":"closed","template":"","meta":[],"product_brand":[6868],"product_cat":[1756,1758],"product_tag":[2244],"acf":[],"_links":{"self":[{"href":"https:\/\/streetmarkets.fr\/app\/wp-json\/wp\/v2\/product\/1054214"}],"collection":[{"href":"https:\/\/streetmarkets.fr\/app\/wp-json\/wp\/v2\/product"}],"about":[{"href":"https:\/\/streetmarkets.fr\/app\/wp-json\/wp\/v2\/types\/product"}],"replies":[{"embeddable":true,"href":"https:\/\/streetmarkets.fr\/app\/wp-json\/wp\/v2\/comments?post=1054214"}],"wp:featuredmedia":[{"embeddable":true,"href":"https:\/\/streetmarkets.fr\/app\/wp-json\/wp\/v2\/media\/1054215"}],"wp:attachment":[{"href":"https:\/\/streetmarkets.fr\/app\/wp-json\/wp\/v2\/media?parent=1054214"}],"wp:term":[{"taxonomy":"product_brand","embeddable":true,"href":"https:\/\/streetmarkets.fr\/app\/wp-json\/wp\/v2\/product_brand?post=1054214"},{"taxonomy":"product_cat","embeddable":true,"href":"https:\/\/streetmarkets.fr\/app\/wp-json\/wp\/v2\/product_cat?post=1054214"},{"taxonomy":"product_tag","embeddable":true,"href":"https:\/\/streetmarkets.fr\/app\/wp-json\/wp\/v2\/product_tag?post=1054214"}],"curies":[{"name":"wp","href":"https:\/\/api.w.org\/{rel}","templated":true}]}}