{"id":1054180,"date":"2024-12-27T01:11:51","date_gmt":"2024-12-27T00:11:51","guid":{"rendered":"https:\/\/streetmarkets.fr\/app\/produit\/top-brassiere-brushed-s25-femme-baby-blue\/"},"modified":"2025-10-02T01:58:08","modified_gmt":"2025-10-01T23:58:08","slug":"top-brassiere-brushed-s25-femme-baby-blue","status":"publish","type":"product","link":"https:\/\/streetmarkets.fr\/app\/produit\/top-brassiere-brushed-s25-femme-baby-blue\/","title":{"rendered":"Top Brassi\u00e8re Cachemire Bross\u00e9 (S25 \/ FEMME \/ Baby Blue)"},"content":{"rendered":"<p>Illumin\u00e9 d&#8217;un bleu pastel, ce top brassi\u00e8re d\u00e9voile une maille bross\u00e9e confectionn\u00e9e en cachemire 2 fils. Des bretelles fines et des bords c\u00f4tel\u00e9s soulignent une silhouette ajust\u00e9e, \u00e0 porter \u00e0 m\u00eame la peau. Optez pour un look monochrome avec le pull cardigan et le short coordonn\u00e9s.<\/p>\n<p>&#8211; Top brassi\u00e8re en cachemire 2 fils Femme<br \/>\n<br \/>&#8211; Maille bross\u00e9e<br \/>\n<br \/>&#8211; Bretelles fines<br \/>\n<br \/>&#8211; Bords c\u00f4tel\u00e9s<br \/>\n<br \/>&#8211; Coupe slim<\/p>\n","protected":false},"excerpt":{"rendered":"<p>Illumin\u00e9 d&#8217;un bleu pastel, ce top brassi\u00e8re d\u00e9voile une maille bross\u00e9e confectionn\u00e9e en cachemire 2 fils. Des bretelles fines et des bords c\u00f4tel\u00e9s soulignent une silhouette ajust\u00e9e, \u00e0 porter \u00e0 m\u00eame la peau. Optez pour un look monochrome avec le pull cardigan et le short coordonn\u00e9s. &#8211; Top brassi\u00e8re en cachemire 2 fils Femme &#8211; [&hellip;]<\/p>\n","protected":false},"featured_media":1054181,"comment_status":"open","ping_status":"closed","template":"","meta":[],"product_brand":[6868],"product_cat":[1756,1762],"product_tag":[2244],"acf":[],"_links":{"self":[{"href":"https:\/\/streetmarkets.fr\/app\/wp-json\/wp\/v2\/product\/1054180"}],"collection":[{"href":"https:\/\/streetmarkets.fr\/app\/wp-json\/wp\/v2\/product"}],"about":[{"href":"https:\/\/streetmarkets.fr\/app\/wp-json\/wp\/v2\/types\/product"}],"replies":[{"embeddable":true,"href":"https:\/\/streetmarkets.fr\/app\/wp-json\/wp\/v2\/comments?post=1054180"}],"wp:featuredmedia":[{"embeddable":true,"href":"https:\/\/streetmarkets.fr\/app\/wp-json\/wp\/v2\/media\/1054181"}],"wp:attachment":[{"href":"https:\/\/streetmarkets.fr\/app\/wp-json\/wp\/v2\/media?parent=1054180"}],"wp:term":[{"taxonomy":"product_brand","embeddable":true,"href":"https:\/\/streetmarkets.fr\/app\/wp-json\/wp\/v2\/product_brand?post=1054180"},{"taxonomy":"product_cat","embeddable":true,"href":"https:\/\/streetmarkets.fr\/app\/wp-json\/wp\/v2\/product_cat?post=1054180"},{"taxonomy":"product_tag","embeddable":true,"href":"https:\/\/streetmarkets.fr\/app\/wp-json\/wp\/v2\/product_tag?post=1054180"}],"curies":[{"name":"wp","href":"https:\/\/api.w.org\/{rel}","templated":true}]}}