{"id":1054137,"date":"2024-12-27T01:11:47","date_gmt":"2024-12-27T00:11:47","guid":{"rendered":"https:\/\/streetmarkets.fr\/app\/produit\/pull-cardigan-s25-femme-beige-chine\/"},"modified":"2025-08-15T01:50:16","modified_gmt":"2025-08-14T23:50:16","slug":"pull-cardigan-s25-femme-beige-chine","status":"publish","type":"product","link":"https:\/\/streetmarkets.fr\/app\/produit\/pull-cardigan-s25-femme-beige-chine\/","title":{"rendered":"Pull Cardigan (S25 \/ FEMME \/ Beige Chin\u00e9)"},"content":{"rendered":"<p>Confectionn\u00e9 en laine m\u00e9rinos 4 fils, ce pull cardigan s&#8217;impose comme un indispensable du vestiaire f\u00e9minin. Avec une coupe longue et oversize, il d\u00e9voile un col V, une fermeture boutonn\u00e9e et deux poches plaqu\u00e9es. \u00c0 porter avec le pantalon coordonn\u00e9 pour un ensemble d\u00e9contract\u00e9.<\/p>\n<p>&#8211; Pull cardigan long en laine m\u00e9rinos 4 fils Femme<br \/>\n<br \/>&#8211; Col V<br \/>\n<br \/>&#8211; Fermeture boutonn\u00e9e<br \/>\n<br \/>&#8211; 2 poches plaqu\u00e9es<br \/>\n<br \/>&#8211; Manches longues<br \/>\n<br \/>&#8211; Bords c\u00f4tel\u00e9s<br \/>\n<br \/>&#8211; Coupe oversize<br \/>\n<br \/>&#8211; Laine m\u00e9rinos : respirante et thermor\u00e9gulatrice, elle peut \u00eatre port\u00e9e \u00e9t\u00e9 comme hiver<\/p>\n","protected":false},"excerpt":{"rendered":"<p>Confectionn\u00e9 en laine m\u00e9rinos 4 fils, ce pull cardigan s&#8217;impose comme un indispensable du vestiaire f\u00e9minin. Avec une coupe longue et oversize, il d\u00e9voile un col V, une fermeture boutonn\u00e9e et deux poches plaqu\u00e9es. \u00c0 porter avec le pantalon coordonn\u00e9 pour un ensemble d\u00e9contract\u00e9. &#8211; Pull cardigan long en laine m\u00e9rinos 4 fils Femme &#8211; [&hellip;]<\/p>\n","protected":false},"featured_media":1054138,"comment_status":"open","ping_status":"closed","template":"","meta":[],"product_brand":[6868],"product_cat":[1756,1762],"product_tag":[2244],"acf":[],"_links":{"self":[{"href":"https:\/\/streetmarkets.fr\/app\/wp-json\/wp\/v2\/product\/1054137"}],"collection":[{"href":"https:\/\/streetmarkets.fr\/app\/wp-json\/wp\/v2\/product"}],"about":[{"href":"https:\/\/streetmarkets.fr\/app\/wp-json\/wp\/v2\/types\/product"}],"replies":[{"embeddable":true,"href":"https:\/\/streetmarkets.fr\/app\/wp-json\/wp\/v2\/comments?post=1054137"}],"wp:featuredmedia":[{"embeddable":true,"href":"https:\/\/streetmarkets.fr\/app\/wp-json\/wp\/v2\/media\/1054138"}],"wp:attachment":[{"href":"https:\/\/streetmarkets.fr\/app\/wp-json\/wp\/v2\/media?parent=1054137"}],"wp:term":[{"taxonomy":"product_brand","embeddable":true,"href":"https:\/\/streetmarkets.fr\/app\/wp-json\/wp\/v2\/product_brand?post=1054137"},{"taxonomy":"product_cat","embeddable":true,"href":"https:\/\/streetmarkets.fr\/app\/wp-json\/wp\/v2\/product_cat?post=1054137"},{"taxonomy":"product_tag","embeddable":true,"href":"https:\/\/streetmarkets.fr\/app\/wp-json\/wp\/v2\/product_tag?post=1054137"}],"curies":[{"name":"wp","href":"https:\/\/api.w.org\/{rel}","templated":true}]}}