{"id":1054123,"date":"2024-12-27T01:11:46","date_gmt":"2024-12-27T00:11:46","guid":{"rendered":"https:\/\/streetmarkets.fr\/app\/produit\/pull-cardigan-brushed-s25-femme-baby-blue\/"},"modified":"2025-08-06T01:51:51","modified_gmt":"2025-08-05T23:51:51","slug":"pull-cardigan-brushed-s25-femme-baby-blue","status":"publish","type":"product","link":"https:\/\/streetmarkets.fr\/app\/produit\/pull-cardigan-brushed-s25-femme-baby-blue\/","title":{"rendered":"Pull Cardigan Cachemire Bross\u00e9 (S25 \/ FEMME \/ Baby Blue)"},"content":{"rendered":"<p>Enveloppez-vous de douceur avec ce pull cardigan en cachemire 2 fils. Sa maille bross\u00e9e, d&#8217;un d\u00e9licat bleu pastel, offre un jeu de textures. Court et oversize, il d\u00e9voile un col V, une fermeture boutonn\u00e9e et des bords c\u00f4tel\u00e9s. Optez pour un look monochrome avec le top et le short coordonn\u00e9s.<\/p>\n<p>&#8211; Pull cardigan court en cachemire 2 fils Femme<br \/>\n<br \/>&#8211; Maille bross\u00e9e<br \/>\n<br \/>&#8211; Col V<br \/>\n<br \/>&#8211; Fermeture boutonn\u00e9e<br \/>\n<br \/>&#8211; Manches longues<br \/>\n<br \/>&#8211; Bords c\u00f4tel\u00e9s<br \/>\n<br \/>&#8211; Coupe oversize<\/p>\n","protected":false},"excerpt":{"rendered":"<p>Enveloppez-vous de douceur avec ce pull cardigan en cachemire 2 fils. Sa maille bross\u00e9e, d&#8217;un d\u00e9licat bleu pastel, offre un jeu de textures. Court et oversize, il d\u00e9voile un col V, une fermeture boutonn\u00e9e et des bords c\u00f4tel\u00e9s. Optez pour un look monochrome avec le top et le short coordonn\u00e9s. &#8211; Pull cardigan court en [&hellip;]<\/p>\n","protected":false},"featured_media":1054124,"comment_status":"open","ping_status":"closed","template":"","meta":[],"product_brand":[6868],"product_cat":[1756,1762],"product_tag":[2244],"acf":[],"_links":{"self":[{"href":"https:\/\/streetmarkets.fr\/app\/wp-json\/wp\/v2\/product\/1054123"}],"collection":[{"href":"https:\/\/streetmarkets.fr\/app\/wp-json\/wp\/v2\/product"}],"about":[{"href":"https:\/\/streetmarkets.fr\/app\/wp-json\/wp\/v2\/types\/product"}],"replies":[{"embeddable":true,"href":"https:\/\/streetmarkets.fr\/app\/wp-json\/wp\/v2\/comments?post=1054123"}],"wp:featuredmedia":[{"embeddable":true,"href":"https:\/\/streetmarkets.fr\/app\/wp-json\/wp\/v2\/media\/1054124"}],"wp:attachment":[{"href":"https:\/\/streetmarkets.fr\/app\/wp-json\/wp\/v2\/media?parent=1054123"}],"wp:term":[{"taxonomy":"product_brand","embeddable":true,"href":"https:\/\/streetmarkets.fr\/app\/wp-json\/wp\/v2\/product_brand?post=1054123"},{"taxonomy":"product_cat","embeddable":true,"href":"https:\/\/streetmarkets.fr\/app\/wp-json\/wp\/v2\/product_cat?post=1054123"},{"taxonomy":"product_tag","embeddable":true,"href":"https:\/\/streetmarkets.fr\/app\/wp-json\/wp\/v2\/product_tag?post=1054123"}],"curies":[{"name":"wp","href":"https:\/\/api.w.org\/{rel}","templated":true}]}}