{"id":1054112,"date":"2024-12-27T01:11:46","date_gmt":"2024-12-27T00:11:46","guid":{"rendered":"https:\/\/streetmarkets.fr\/app\/produit\/pantalon-large-s25-femme-beige-chine\/"},"modified":"2025-10-02T01:58:08","modified_gmt":"2025-10-01T23:58:08","slug":"pantalon-large-s25-femme-beige-chine","status":"publish","type":"product","link":"https:\/\/streetmarkets.fr\/app\/produit\/pantalon-large-s25-femme-beige-chine\/","title":{"rendered":"Pantalon Large (S25 \/ FEMME \/ Beige Chin\u00e9)"},"content":{"rendered":"<p>Confectionn\u00e9 en laine m\u00e9rinos 4 fils, ce pantalon offre un tomb\u00e9 large, allongeant la silhouette. Muni d&#8217;une taille c\u00f4tel\u00e9e et de deux poches, il se porte avec le cardigan coordonn\u00e9 pour un ensemble d\u00e9contract\u00e9.<\/p>\n<p>&#8211; Pantalon long et large en laine m\u00e9rinos 4 fils Femme<br \/>\n<br \/>&#8211; Taille c\u00f4tel\u00e9e<br \/>\n<br \/>&#8211; 2 poches<br \/>\n<br \/>&#8211; Coupe regular<br \/>\n<br \/>&#8211; Laine m\u00e9rinos : respirante et thermor\u00e9gulatrice, elle peut \u00eatre port\u00e9e \u00e9t\u00e9 comme hiver<\/p>\n","protected":false},"excerpt":{"rendered":"<p>Confectionn\u00e9 en laine m\u00e9rinos 4 fils, ce pantalon offre un tomb\u00e9 large, allongeant la silhouette. Muni d&#8217;une taille c\u00f4tel\u00e9e et de deux poches, il se porte avec le cardigan coordonn\u00e9 pour un ensemble d\u00e9contract\u00e9. &#8211; Pantalon long et large en laine m\u00e9rinos 4 fils Femme &#8211; Taille c\u00f4tel\u00e9e &#8211; 2 poches &#8211; Coupe regular &#8211; [&hellip;]<\/p>\n","protected":false},"featured_media":1054113,"comment_status":"open","ping_status":"closed","template":"","meta":[],"product_brand":[6868],"product_cat":[1756,1762],"product_tag":[2244],"acf":[],"_links":{"self":[{"href":"https:\/\/streetmarkets.fr\/app\/wp-json\/wp\/v2\/product\/1054112"}],"collection":[{"href":"https:\/\/streetmarkets.fr\/app\/wp-json\/wp\/v2\/product"}],"about":[{"href":"https:\/\/streetmarkets.fr\/app\/wp-json\/wp\/v2\/types\/product"}],"replies":[{"embeddable":true,"href":"https:\/\/streetmarkets.fr\/app\/wp-json\/wp\/v2\/comments?post=1054112"}],"wp:featuredmedia":[{"embeddable":true,"href":"https:\/\/streetmarkets.fr\/app\/wp-json\/wp\/v2\/media\/1054113"}],"wp:attachment":[{"href":"https:\/\/streetmarkets.fr\/app\/wp-json\/wp\/v2\/media?parent=1054112"}],"wp:term":[{"taxonomy":"product_brand","embeddable":true,"href":"https:\/\/streetmarkets.fr\/app\/wp-json\/wp\/v2\/product_brand?post=1054112"},{"taxonomy":"product_cat","embeddable":true,"href":"https:\/\/streetmarkets.fr\/app\/wp-json\/wp\/v2\/product_cat?post=1054112"},{"taxonomy":"product_tag","embeddable":true,"href":"https:\/\/streetmarkets.fr\/app\/wp-json\/wp\/v2\/product_tag?post=1054112"}],"curies":[{"name":"wp","href":"https:\/\/api.w.org\/{rel}","templated":true}]}}