{"id":1054100,"date":"2024-12-27T01:11:44","date_gmt":"2024-12-27T00:11:44","guid":{"rendered":"https:\/\/streetmarkets.fr\/app\/produit\/pull-col-polo-bicolore-zippe-s25-homme-gris-chine-fonce\/"},"modified":"2025-09-27T01:53:23","modified_gmt":"2025-09-26T23:53:23","slug":"pull-col-polo-bicolore-zippe-s25-homme-gris-chine-fonce","status":"publish","type":"product","link":"https:\/\/streetmarkets.fr\/app\/produit\/pull-col-polo-bicolore-zippe-s25-homme-gris-chine-fonce\/","title":{"rendered":"Pull Col Polo Bicolore Zipp\u00e9 (S25 \/ HOMME \/ Gris Chin\u00e9 Fonc\u00e9)"},"content":{"rendered":"<p>Confectionn\u00e9 en cachemire 4 fils, ce pull bicolore d\u00e9voile un col polo zipp\u00e9 contrast\u00e9 pour une allure affirm\u00e9e avec \u00e9l\u00e9gance. Des bords c\u00f4tel\u00e9s structurent sa coupe longue et oversize. Id\u00e9al pour un style d\u00e9contract\u00e9 chic, \u00e0 porter avec un pantalon de tailleur.<\/p>\n<p>&#8211; Pull long en cachemire 4 fils certifi\u00e9 GCS\u00ae Homme<br \/>\n<br \/>&#8211; Bicolore<br \/>\n<br \/>&#8211; Col polo zipp\u00e9<br \/>\n<br \/>&#8211; Manches longues<br \/>\n<br \/>&#8211; Bords c\u00f4tel\u00e9s<br \/>\n<br \/>&#8211; Coupe oversize<br \/>\n<br \/>&#8211; Le Good Cashmere Standard\u00ae (GCS) est une norme ind\u00e9pendante pour un cachemire plus durable et plus responsable. Il vise \u00e0 am\u00e9liorer le bien-\u00eatre des ch\u00e8vres cachemire, les conditions de travail des \u00e9leveurs ainsi qu&#8217;\u00e0 prot\u00e9ger l&#8217;environnement.<\/p>\n","protected":false},"excerpt":{"rendered":"<p>Confectionn\u00e9 en cachemire 4 fils, ce pull bicolore d\u00e9voile un col polo zipp\u00e9 contrast\u00e9 pour une allure affirm\u00e9e avec \u00e9l\u00e9gance. Des bords c\u00f4tel\u00e9s structurent sa coupe longue et oversize. Id\u00e9al pour un style d\u00e9contract\u00e9 chic, \u00e0 porter avec un pantalon de tailleur. &#8211; Pull long en cachemire 4 fils certifi\u00e9 GCS\u00ae Homme &#8211; Bicolore &#8211; [&hellip;]<\/p>\n","protected":false},"featured_media":1054101,"comment_status":"open","ping_status":"closed","template":"","meta":[],"product_brand":[6868],"product_cat":[1756,1758],"product_tag":[2244],"acf":[],"_links":{"self":[{"href":"https:\/\/streetmarkets.fr\/app\/wp-json\/wp\/v2\/product\/1054100"}],"collection":[{"href":"https:\/\/streetmarkets.fr\/app\/wp-json\/wp\/v2\/product"}],"about":[{"href":"https:\/\/streetmarkets.fr\/app\/wp-json\/wp\/v2\/types\/product"}],"replies":[{"embeddable":true,"href":"https:\/\/streetmarkets.fr\/app\/wp-json\/wp\/v2\/comments?post=1054100"}],"wp:featuredmedia":[{"embeddable":true,"href":"https:\/\/streetmarkets.fr\/app\/wp-json\/wp\/v2\/media\/1054101"}],"wp:attachment":[{"href":"https:\/\/streetmarkets.fr\/app\/wp-json\/wp\/v2\/media?parent=1054100"}],"wp:term":[{"taxonomy":"product_brand","embeddable":true,"href":"https:\/\/streetmarkets.fr\/app\/wp-json\/wp\/v2\/product_brand?post=1054100"},{"taxonomy":"product_cat","embeddable":true,"href":"https:\/\/streetmarkets.fr\/app\/wp-json\/wp\/v2\/product_cat?post=1054100"},{"taxonomy":"product_tag","embeddable":true,"href":"https:\/\/streetmarkets.fr\/app\/wp-json\/wp\/v2\/product_tag?post=1054100"}],"curies":[{"name":"wp","href":"https:\/\/api.w.org\/{rel}","templated":true}]}}