{"id":1054088,"date":"2024-12-27T01:11:43","date_gmt":"2024-12-27T00:11:43","guid":{"rendered":"https:\/\/streetmarkets.fr\/app\/produit\/pull-gilet-bandes-tricolores-s25-homme-navy\/"},"modified":"2025-10-02T01:58:08","modified_gmt":"2025-10-01T23:58:08","slug":"pull-gilet-bandes-tricolores-s25-homme-navy","status":"publish","type":"product","link":"https:\/\/streetmarkets.fr\/app\/produit\/pull-gilet-bandes-tricolores-s25-homme-navy\/","title":{"rendered":"Pull Gilet Bandes Tricolores (S25 \/ HOMME \/ Navy)"},"content":{"rendered":"<p>Twistez votre look de saison avec ce pull gilet, orn\u00e9 d&#8217;un col contrast\u00e9 et de bandes tricolores. Confectionn\u00e9 en laine m\u00e9rinos 4 fils, il d\u00e9voile une coupe longue et oversize pour r\u00e9chauffer votre silhouette avec confort et \u00e9l\u00e9gance.<\/p>\n<p>&#8211; Pull gilet long en laine m\u00e9rinos 4 fils Homme<br \/>\n<br \/>&#8211; Bandes tricolores<br \/>\n<br \/>&#8211; 2 poches<br \/>\n<br \/>&#8211; Fermeture zipp\u00e9e<br \/>\n<br \/>&#8211; Col contrast\u00e9<br \/>\n<br \/>&#8211; Manches longues<br \/>\n<br \/>&#8211; Coupe oversize<br \/>\n<br \/>&#8211; Laine m\u00e9rinos : respirante et thermor\u00e9gulatrice, elle peut \u00eatre port\u00e9e \u00e9t\u00e9 comme hiver<\/p>\n","protected":false},"excerpt":{"rendered":"<p>Twistez votre look de saison avec ce pull gilet, orn\u00e9 d&#8217;un col contrast\u00e9 et de bandes tricolores. Confectionn\u00e9 en laine m\u00e9rinos 4 fils, il d\u00e9voile une coupe longue et oversize pour r\u00e9chauffer votre silhouette avec confort et \u00e9l\u00e9gance. &#8211; Pull gilet long en laine m\u00e9rinos 4 fils Homme &#8211; Bandes tricolores &#8211; 2 poches &#8211; [&hellip;]<\/p>\n","protected":false},"featured_media":1054089,"comment_status":"open","ping_status":"closed","template":"","meta":[],"product_brand":[6868],"product_cat":[1756,1758],"product_tag":[2244],"acf":[],"_links":{"self":[{"href":"https:\/\/streetmarkets.fr\/app\/wp-json\/wp\/v2\/product\/1054088"}],"collection":[{"href":"https:\/\/streetmarkets.fr\/app\/wp-json\/wp\/v2\/product"}],"about":[{"href":"https:\/\/streetmarkets.fr\/app\/wp-json\/wp\/v2\/types\/product"}],"replies":[{"embeddable":true,"href":"https:\/\/streetmarkets.fr\/app\/wp-json\/wp\/v2\/comments?post=1054088"}],"wp:featuredmedia":[{"embeddable":true,"href":"https:\/\/streetmarkets.fr\/app\/wp-json\/wp\/v2\/media\/1054089"}],"wp:attachment":[{"href":"https:\/\/streetmarkets.fr\/app\/wp-json\/wp\/v2\/media?parent=1054088"}],"wp:term":[{"taxonomy":"product_brand","embeddable":true,"href":"https:\/\/streetmarkets.fr\/app\/wp-json\/wp\/v2\/product_brand?post=1054088"},{"taxonomy":"product_cat","embeddable":true,"href":"https:\/\/streetmarkets.fr\/app\/wp-json\/wp\/v2\/product_cat?post=1054088"},{"taxonomy":"product_tag","embeddable":true,"href":"https:\/\/streetmarkets.fr\/app\/wp-json\/wp\/v2\/product_tag?post=1054088"}],"curies":[{"name":"wp","href":"https:\/\/api.w.org\/{rel}","templated":true}]}}